{"id":2442,"date":"2020-06-20T00:59:12","date_gmt":"2020-06-20T03:59:12","guid":{"rendered":"https:\/\/ens9003-infd.mendoza.edu.ar\/sitio\/?page_id=2442"},"modified":"2020-06-20T01:45:30","modified_gmt":"2020-06-20T04:45:30","slug":"20-de-junio","status":"publish","type":"page","link":"https:\/\/ens9003-infd.mendoza.edu.ar\/sitio\/20-de-junio\/","title":{"rendered":"Acto 20 de Junio"},"content":{"rendered":"<p style=\"text-align: center;\"><img decoding=\"async\" loading=\"lazy\" class=\"\" src=\"https:\/\/i.imgur.com\/YMKteZ2.jpg\" width=\"541\" height=\"384\" \/><\/p>\n<p><strong>INTRODUCCI\u00d3N<\/strong><\/p>\n<p>\u201cM<em>i coraz\u00f3n toma un nuevo aliento cada instante que pienso que usted se me acerca, porque estoy firmemente persuadido de que, con usted, se salvar\u00e1 la patria (\u2026); no tengo ni he tenido qui\u00e9n me ayude y he andado por los pa\u00edses en que he hecho la guerra como un descubridor; pero no acompa\u00f1ado de hombres que tengan iguales sentimientos a los m\u00edos de sacrificarse antes que sucumbir a la tiran\u00eda. (\u2026).En fin, mi amigo, espero en usted un compa\u00f1ero que me ilumine, que me ayude, y que conozca en m\u00ed la sencillez de mi trato y la pureza de mis intenciones, que Dios sabe no se dirigen ni se han dirigido m\u00e1s que al bien general de la patria (\u2026) Emp\u00e9\u00f1ese usted en volar, si le es posible, con el auxilio y en venir a ser, no s\u00f3lo amigo, sino maestro m\u00edo, mi compa\u00f1ero y mi jefe si quiere; persu\u00e1dase que le hablo con mi coraz\u00f3n\u2026<\/em>\u201d.<\/p>\n<p>Estas palabras de Manuel Jos\u00e9 Joaqu\u00edn del Coraz\u00f3n de Jes\u00fas Belgrano, dirigidas al General San Mart\u00edn muestran un coraz\u00f3n generoso y enteramente entregado a su Patria.<\/p>\n<p>A 250 a\u00f1os de su nacimiento y a 200 de su muerte, el gobierno Nacional\u00a0 determin\u00f3 el 2020 como el \u201c<strong>A\u00d1O DEL GENERAL MANUEL BELGRANO<\/strong>\u201d, resaltando su destacada actuaci\u00f3n p\u00fablica en el proceso que condujo a la independencia de nuestro pa\u00eds en el marco de las luchas por la emancipaci\u00f3n sudamericana.<\/p>\n<p><strong>Himno Nacional argentino<\/strong><\/p>\n<p>Ser consciente de la historia que forj\u00f3 nuestro presente, reconocerla como parte de lo que hoy somos.<\/p>\n<p>Unamos nuestras voces a los \u00a0acordes de la canci\u00f3n Patria. Invitamos a Ustedes a sumarse, a cantar con fervor las estrofas de Nuestro Himno Nacional argentino.<\/p>\n<p>Pueden hacerlo a trav\u00e9s de este link <a href=\"https:\/\/www.youtube.com\/watch?v=OqSQo2aifAA\" target=\"_blank\" rel=\"noopener\">https:\/\/www.youtube.com\/watch?v=OqSQo2aifAA<\/a><\/p>\n<p style=\"text-align: center;\"><iframe loading=\"lazy\" src=\"https:\/\/www.youtube.com\/embed\/OqSQo2aifAA\" width=\"560\" height=\"315\" frameborder=\"0\" allowfullscreen=\"allowfullscreen\"><\/iframe><\/p>\n<p><strong>Minuto de silencio<\/strong><\/p>\n<p>Tus haza\u00f1as, tus temores y certezas, tu gloria entera, est\u00e1 guardada en la historia.<\/p>\n<p>Desde nuestros lugares, te hacemos una ofrenda, General, acompa\u00f1ando tu memoria con\u00a0\u00a0 un minuto de silencio.<\/p>\n<p>&nbsp;<\/p>\n<p><strong>Palabras<\/strong><\/p>\n<p><em>Dijo Belgrano, \u00abNinguna cosa tiene su valor real, ni efectivo en s\u00ed mismo, s\u00f3lo tiene el que nosotros le queremos dar; y \u00e9ste se liga precisamente a la necesidad que tengamos en ella; a los medios de satisfacer esta inclinaci\u00f3n; a los deseos de lograrla y a su escasez y abundancia.\u00bb\u00a0<\/em><\/p>\n<p>Hoy, en este estado de excepci\u00f3n, seguimos revalorizando el accionar del General Manuel Belgrano. Invitamos a darle el valor real al mismo.<\/p>\n<p>Para acercarnos al accionar de Manuel Belgrano, podr\u00e1n escuchar las palabras de la Profesora Flavia Lopez, docente del Profesorado de Educaci\u00f3n Secundaria en Inform\u00e1tica quien hace referencia al mismo en un audio que encontrar\u00e1n aqu\u00ed<\/p>\n<p style=\"text-align: center;\"><a href=\"https:\/\/drive.google.com\/file\/d\/11gTrscUwF58Iu4XMatm25blk7roMe8FQ\/view?usp=sharing\" target=\"_blank\" rel=\"noopener\"><img decoding=\"async\" loading=\"lazy\" class=\"\" src=\"https:\/\/ens9003-infd.mendoza.edu.ar\/sitio\/wp-content\/uploads\/2020\/06\/micr%C3%B3fono.jpg\" width=\"111\" height=\"111\" \/><\/a><\/p>\n<p>Recordemos\u00a0 que Belgrano logr\u00f3, con su esp\u00edritu y decisi\u00f3n que la insignia que hizo juramentar en las barrancas del Paran\u00e1, fuera\u00a0<strong>nuestra bandera<\/strong>. Y a pesar de encontrarse al frente del\u00a0<strong>Ej\u00e9rcito del Norte<\/strong>, no fue menor su protagonismo en la\u00a0<strong>Asamblea General Constituyente de 1813<\/strong>\u00a0y m\u00e1s tarde en el Congreso de Tucum\u00e1n. Su nombre est\u00e1 ligado a la gesta de nuestra Independencia.<\/p>\n<p><strong>Cierre<\/strong><\/p>\n<p>Al llegar al final de esta conmemoraci\u00f3n, llevemos\u00a0 en nuestros corazones y en nuestra memoria un ejemplo, una vida dedicada al otro y a la Patria.<\/p>\n<p>Los invitamos a visualizar el \u00a0video elaborado por alumnos de segundo a\u00f1o del Profesorado de Educaci\u00f3n Secundaria en Inform\u00e1tica, en homenaje al creador de Nuestra Ense\u00f1a Patria.<\/p>\n<p style=\"text-align: center;\"><iframe loading=\"lazy\" src=\"https:\/\/www.youtube.com\/embed\/fXHWrtNNlCI\" width=\"560\" height=\"315\" frameborder=\"0\" allowfullscreen=\"allowfullscreen\"><\/iframe><\/p>\n<p style=\"text-align: center;\">\n","protected":false},"excerpt":{"rendered":"<p>INTRODUCCI\u00d3N \u201cMi coraz\u00f3n toma un nuevo aliento cada instante que pienso que usted se me acerca, porque estoy firmemente persuadido de que, con usted, se salvar\u00e1 la patria (\u2026); no tengo ni he tenido qui\u00e9n me ayude y he andado por los pa\u00edses en que he hecho la guerra como un descubridor; pero no acompa\u00f1ado &#8230; <a title=\"Acto 20 de Junio\" class=\"read-more\" href=\"https:\/\/ens9003-infd.mendoza.edu.ar\/sitio\/20-de-junio\/\" aria-label=\"More on Acto 20 de Junio\">[+]<\/a><\/p>\n","protected":false},"author":7,"featured_media":0,"parent":0,"menu_order":0,"comment_status":"closed","ping_status":"closed","template":"","meta":[],"acf":[],"_links":{"self":[{"href":"https:\/\/ens9003-infd.mendoza.edu.ar\/sitio\/wp-json\/wp\/v2\/pages\/2442"}],"collection":[{"href":"https:\/\/ens9003-infd.mendoza.edu.ar\/sitio\/wp-json\/wp\/v2\/pages"}],"about":[{"href":"https:\/\/ens9003-infd.mendoza.edu.ar\/sitio\/wp-json\/wp\/v2\/types\/page"}],"author":[{"embeddable":true,"href":"https:\/\/ens9003-infd.mendoza.edu.ar\/sitio\/wp-json\/wp\/v2\/users\/7"}],"replies":[{"embeddable":true,"href":"https:\/\/ens9003-infd.mendoza.edu.ar\/sitio\/wp-json\/wp\/v2\/comments?post=2442"}],"version-history":[{"count":6,"href":"https:\/\/ens9003-infd.mendoza.edu.ar\/sitio\/wp-json\/wp\/v2\/pages\/2442\/revisions"}],"predecessor-version":[{"id":2454,"href":"https:\/\/ens9003-infd.mendoza.edu.ar\/sitio\/wp-json\/wp\/v2\/pages\/2442\/revisions\/2454"}],"wp:attachment":[{"href":"https:\/\/ens9003-infd.mendoza.edu.ar\/sitio\/wp-json\/wp\/v2\/media?parent=2442"}],"curies":[{"name":"wp","href":"https:\/\/api.w.org\/{rel}","templated":true}]}}