{"id":2476,"date":"2020-07-03T22:38:26","date_gmt":"2020-07-04T01:38:26","guid":{"rendered":"https:\/\/ens9003-infd.mendoza.edu.ar\/sitio\/?page_id=2476"},"modified":"2020-07-03T22:40:00","modified_gmt":"2020-07-04T01:40:00","slug":"acto-9-de-julio","status":"publish","type":"page","link":"https:\/\/ens9003-infd.mendoza.edu.ar\/sitio\/acto-9-de-julio\/","title":{"rendered":"Acto 9 de Julio"},"content":{"rendered":"<p><img decoding=\"async\" loading=\"lazy\" class=\"aligncenter\" src=\"https:\/\/i.imgur.com\/khlWDQ4.png\" width=\"276\" height=\"276\" \/><\/p>\n<p><strong>Introducci\u00f3n:<\/strong><\/p>\n<p>El 9 de Julio celebramos el d\u00eda de la <strong>Independencia Argentina<\/strong>, porque hace 204 a\u00f1os, 29 diputados se reunieron en San Miguel de Tucum\u00e1n para concluir el proceso emancipador comenzado en mayo de 1810.<\/p>\n<p>En 1816 un pa\u00eds entero decidi\u00f3 alzar la voz para hacerse o\u00edr al otro lado del oc\u00e9ano.<\/p>\n<p>Todos quer\u00edan ser protagonistas de la nueva historia que ya estaba al alcance de la mano.<\/p>\n<p>Los representantes de las Provincias Unidas tuvieron que recorrer largos y polvorientos caminos para llegar a la casa de Tucum\u00e1n.<\/p>\n<p>Hoy, pensemos que la independencia se manifiesta en numerosos aspectos de nuestra vida, y si bien implica libertad, tambi\u00e9n significa responsabilidad.<\/p>\n<p>La responsabilidad de defender el sue\u00f1o de una Argentina libre y soberana.<\/p>\n<p>El 9 de julio es una fecha que nos invita a la reflexi\u00f3n, a la manifestaci\u00f3n de ideales patri\u00f3ticos que est\u00e1n \u00edntimamente ligados con ciertos <strong>valores<\/strong> que nos acompa\u00f1an diariamente: <strong>libertad, soberan\u00eda e igualdad<\/strong>.<\/p>\n<p>&nbsp;<\/p>\n<p><strong>Himno Nacional Argentino:<\/strong><\/p>\n<p>Nuestra Canci\u00f3n Patria es el Himno Nacional Argentino. Sus estrofas expresan el sentimiento de un pueblo que como ayer, est\u00e1 dispuesto a defender su identidad y su soberan\u00eda.<\/p>\n<p>Tu voz, la de \u00e9l, la m\u00eda, la de todos se unen para cantarlo con respeto y con mucha emoci\u00f3n. Entonces todas las voces se transforman en una sola, <strong>nuestra voz argentina<\/strong>\u2026<\/p>\n<p>Pueden entonarlo a trav\u00e9s de este link:\u00a0<a href=\"https:\/\/youtu.be\/mYrt--cQbTM\">https:\/\/youtu.be\/mYrt&#8211;cQbTM<\/a><\/p>\n<p style=\"text-align: center;\"><iframe loading=\"lazy\" src=\"https:\/\/www.youtube.com\/embed\/mYrt--cQbTM\" width=\"560\" height=\"315\" frameborder=\"0\" allowfullscreen=\"allowfullscreen\"><\/iframe><\/p>\n<p><strong><u>Video:<\/u><\/strong><\/p>\n<p>Hay fechas que en las escuelas se esperan con mucho entusiasmo, alegr\u00eda y felicidad, poniendo de manifiesto un sentimiento patri\u00f3tico muy fuerte. \u00a0En esta Fiesta Patria por excelencia para todos los argentinos, los invitamos a ver el siguiente video con datos curiosos de nuestra independencia.<\/p>\n<p style=\"text-align: center;\"><iframe loading=\"lazy\" src=\"https:\/\/www.youtube.com\/embed\/4RnKhobYHJs\" width=\"560\" height=\"315\" frameborder=\"0\" allowfullscreen=\"allowfullscreen\"><\/iframe><\/p>\n<p><strong><u>Cierre:<\/u><\/strong><\/p>\n<p>El 9 de Julio de 1816, en el Hist\u00f3rico Congreso de Tucum\u00e1n, Narciso Francisco Laprida realizaba la memorable pregunta a los representantes de las Provincias Unidas:<\/p>\n<p><strong><em>\u201c\u00bfQuer\u00e9is que las provincias de la Uni\u00f3n sean una naci\u00f3n libre e independiente de los reyes de Espa\u00f1a y su metr\u00f3poli?\u201d<\/em><\/strong><\/p>\n<p>Todos los Congresales all\u00ed presentes respondieron afirmativamente, en un grito de libertad.<\/p>\n<p>Hoy recordamos esta fecha como la base constitutiva de las provincias del R\u00edo de la Plata. Tambi\u00e9n recordamos a los valientes que asistieron al Congreso, a los que lucharon antes y despu\u00e9s, para que los argentinos vivieran el sue\u00f1o de la independencia.<\/p>\n<p>En este a\u00f1o 2020, el esp\u00edritu entusiasta de nuestros patriotas nos recuerda lo valioso que es la libertad y la importancia de \u00a0cuidarla. Ser\u00e1 momento de preguntarnos qu\u00e9\u00a0 puede hacer cada uno de nosotros desde su lugar para nunca despertar del sue\u00f1o de la libertad.<\/p>\n<p>Y como dijo Jos\u00e9 de San Mart\u00edn: <strong><em>\u201cSeamos libres, lo dem\u00e1s no importa\u201d<\/em><\/strong><\/p>\n<p>\u00a1Viva la Patria!<\/p>\n","protected":false},"excerpt":{"rendered":"<p>Introducci\u00f3n: El 9 de Julio celebramos el d\u00eda de la Independencia Argentina, porque hace 204 a\u00f1os, 29 diputados se reunieron en San Miguel de Tucum\u00e1n para concluir el proceso emancipador comenzado en mayo de 1810. En 1816 un pa\u00eds entero decidi\u00f3 alzar la voz para hacerse o\u00edr al otro lado del oc\u00e9ano. Todos quer\u00edan ser &#8230; <a title=\"Acto 9 de Julio\" class=\"read-more\" href=\"https:\/\/ens9003-infd.mendoza.edu.ar\/sitio\/acto-9-de-julio\/\" aria-label=\"More on Acto 9 de Julio\">[+]<\/a><\/p>\n","protected":false},"author":7,"featured_media":0,"parent":0,"menu_order":0,"comment_status":"closed","ping_status":"closed","template":"","meta":[],"acf":[],"_links":{"self":[{"href":"https:\/\/ens9003-infd.mendoza.edu.ar\/sitio\/wp-json\/wp\/v2\/pages\/2476"}],"collection":[{"href":"https:\/\/ens9003-infd.mendoza.edu.ar\/sitio\/wp-json\/wp\/v2\/pages"}],"about":[{"href":"https:\/\/ens9003-infd.mendoza.edu.ar\/sitio\/wp-json\/wp\/v2\/types\/page"}],"author":[{"embeddable":true,"href":"https:\/\/ens9003-infd.mendoza.edu.ar\/sitio\/wp-json\/wp\/v2\/users\/7"}],"replies":[{"embeddable":true,"href":"https:\/\/ens9003-infd.mendoza.edu.ar\/sitio\/wp-json\/wp\/v2\/comments?post=2476"}],"version-history":[{"count":3,"href":"https:\/\/ens9003-infd.mendoza.edu.ar\/sitio\/wp-json\/wp\/v2\/pages\/2476\/revisions"}],"predecessor-version":[{"id":2479,"href":"https:\/\/ens9003-infd.mendoza.edu.ar\/sitio\/wp-json\/wp\/v2\/pages\/2476\/revisions\/2479"}],"wp:attachment":[{"href":"https:\/\/ens9003-infd.mendoza.edu.ar\/sitio\/wp-json\/wp\/v2\/media?parent=2476"}],"curies":[{"name":"wp","href":"https:\/\/api.w.org\/{rel}","templated":true}]}}