{"id":2571,"date":"2020-08-20T21:07:15","date_gmt":"2020-08-21T00:07:15","guid":{"rendered":"https:\/\/ens9003-infd.mendoza.edu.ar\/sitio\/?page_id=2571"},"modified":"2024-04-14T00:28:42","modified_gmt":"2024-04-14T03:28:42","slug":"profesorado-para-tecnicos","status":"publish","type":"page","link":"https:\/\/ens9003-infd.mendoza.edu.ar\/sitio\/profesorado-para-tecnicos\/","title":{"rendered":"Profesorado de Educaci\u00f3n Secundaria de la Modalidad T\u00e9cnico Profesional en concurrencia con el T\u00edtulo de Base"},"content":{"rendered":"\n<p>____________________________________________________________________________________________________________________________________<\/p>\n\n\n\n<p class=\"has-text-align-right\"><strong>Carrera:&nbsp;<\/strong>Profesorado de Educaci\u00f3n Secundaria de la Modalidad T\u00e9cnico Profesional en Concurrencia con el T\u00edtulo de Base \u2013 PROTEC<\/p>\n\n\n\n<p class=\"has-text-align-center\"><strong>Duraci\u00f3n:<\/strong>&nbsp;3 a\u00f1os<\/p>\n\n\n\n<p class=\"has-text-align-center\"><strong><a href=\"https:\/\/drive.google.com\/file\/d\/1Dt1yK7tnKQkKxDhxyTigUyyr4p5LTYK5\/view?usp=sharing\" target=\"_blank\" rel=\"noreferrer noopener\">Resoluci\u00f3n N\u00b0 2560-DGE-2018<\/a> <\/strong><\/p>\n\n\n\n<p>____________________________________________________________________________________________________________________________________<\/p>\n\n\n\n<p><strong>Documentos \u00fatiles<\/strong><\/p>\n\n\n\n<ul>\n<li><a href=\"https:\/\/ens9003-infd.mendoza.edu.ar\/sitio\/wp-content\/uploads\/2023\/02\/Diseno-Curricular-PROTEC.pdf\" target=\"_blank\" rel=\"noreferrer noopener\">Dise\u00f1o Curricular<\/a><\/li>\n\n\n\n<li><a rel=\"noreferrer noopener\" href=\"https:\/\/ens9003-infd.mendoza.edu.ar\/sitio\/wp-content\/uploads\/2024\/03\/plan-de-estudios.pdf\" target=\"_blank\">Dise\u00f1o curricular -reducido-<\/a><\/li>\n<\/ul>\n\n\n\n<p><\/p>\n\n\n\n<p><\/p>\n","protected":false},"excerpt":{"rendered":"<p>____________________________________________________________________________________________________________________________________ Carrera:&nbsp;Profesorado de Educaci\u00f3n Secundaria de la Modalidad T\u00e9cnico Profesional en Concurrencia con el T\u00edtulo de Base \u2013 PROTEC Duraci\u00f3n:&nbsp;3 a\u00f1os Resoluci\u00f3n N\u00b0 2560-DGE-2018 ____________________________________________________________________________________________________________________________________ Documentos \u00fatiles<\/p>\n","protected":false},"author":7,"featured_media":0,"parent":0,"menu_order":0,"comment_status":"closed","ping_status":"closed","template":"","meta":[],"acf":[],"_links":{"self":[{"href":"https:\/\/ens9003-infd.mendoza.edu.ar\/sitio\/wp-json\/wp\/v2\/pages\/2571"}],"collection":[{"href":"https:\/\/ens9003-infd.mendoza.edu.ar\/sitio\/wp-json\/wp\/v2\/pages"}],"about":[{"href":"https:\/\/ens9003-infd.mendoza.edu.ar\/sitio\/wp-json\/wp\/v2\/types\/page"}],"author":[{"embeddable":true,"href":"https:\/\/ens9003-infd.mendoza.edu.ar\/sitio\/wp-json\/wp\/v2\/users\/7"}],"replies":[{"embeddable":true,"href":"https:\/\/ens9003-infd.mendoza.edu.ar\/sitio\/wp-json\/wp\/v2\/comments?post=2571"}],"version-history":[{"count":14,"href":"https:\/\/ens9003-infd.mendoza.edu.ar\/sitio\/wp-json\/wp\/v2\/pages\/2571\/revisions"}],"predecessor-version":[{"id":4949,"href":"https:\/\/ens9003-infd.mendoza.edu.ar\/sitio\/wp-json\/wp\/v2\/pages\/2571\/revisions\/4949"}],"wp:attachment":[{"href":"https:\/\/ens9003-infd.mendoza.edu.ar\/sitio\/wp-json\/wp\/v2\/media?parent=2571"}],"curies":[{"name":"wp","href":"https:\/\/api.w.org\/{rel}","templated":true}]}}