{"id":2796,"date":"2021-04-01T12:24:27","date_gmt":"2021-04-01T15:24:27","guid":{"rendered":"https:\/\/ens9003-infd.mendoza.edu.ar\/sitio\/?page_id=2796"},"modified":"2021-04-01T12:24:27","modified_gmt":"2021-04-01T15:24:27","slug":"2-de-abril-dia-del-veterano-y-de-los-caidos-en-la-guerra-de-malvinas","status":"publish","type":"page","link":"https:\/\/ens9003-infd.mendoza.edu.ar\/sitio\/2-de-abril-dia-del-veterano-y-de-los-caidos-en-la-guerra-de-malvinas\/","title":{"rendered":"2 de abril &#8211; D\u00eda del veterano y de los ca\u00eddos en la Guerra de Malvinas"},"content":{"rendered":"<p><img decoding=\"async\" class=\"aligncenter\" src=\"https:\/\/i.imgur.com\/Ff343gi.jpg\" \/><\/p>\n<p>Extra\u00eddo de: <a href=\"https:\/\/www.jujuyaldia.com.ar\/2020\/04\/02\/2-de-abril-dia-del-veterano-y-de-los-caidos-en-la-guerra-de-malvinas\/\">https:\/\/www.jujuyaldia.com.ar\/2020\/04\/02\/2-de-abril-dia-del-veterano-y-de-los-caidos-en-la-guerra-de-malvinas\/<\/a><\/p>\n<p>&nbsp;<\/p>\n<p><strong><u>INTRODUCCI\u00d3N:<\/u><\/strong><\/p>\n<p>\u00bfQu\u00e9 se conmemora el 2 de abril?<\/p>\n<p>El 2 de abril se conmemora el \u201c<strong><em>D\u00eda del Veterano y de los Ca\u00eddos en la Guerra de Malvinas\u201d<\/em><\/strong>, para homenajear a los h\u00e9roes que combatieron en el conflicto b\u00e9lico del Atl\u00e1ntico Sur en 1982.<\/p>\n<p>Recordemos que el 2 de abril de 1982, la dictadura c\u00edvico-militar inici\u00f3 el desembarco de tropas en las islas Malvinas, usurpadas por Inglaterra desde 1833. Con esta acci\u00f3n de afirmaci\u00f3n de la soberan\u00eda nacional, apoyada por un importante sector de la poblaci\u00f3n, la dictadura militar intentaba ocultar la grav\u00edsima situaci\u00f3n social, pol\u00edtica y econ\u00f3mica de nuestro pa\u00eds, a la que nos hab\u00eda conducido su gobierno.<\/p>\n<p>El conflicto armado concluy\u00f3 el 14 de junio de 1982 con la rendici\u00f3n de la Argentina, que provoc\u00f3 la muerte de 649 soldados argentinos, 255 brit\u00e1nicos y 3 civiles isle\u00f1os. Se considera que la derrota aceler\u00f3 el fin de la dictadura militar.<\/p>\n<p>El 22 de noviembre de 2000 el gobierno nacional estableci\u00f3 el 2 de Abril como el D\u00eda del Veterano y de los Ca\u00eddos en la guerra de Malvinas. Recordar esta fecha en las escuelas tiene distintos objetivos: <strong><em>honrar a los soldados muertos<\/em><\/strong> en la guerra, <strong><em>conocer los hechos hist\u00f3ricos relacionados con Malvinas<\/em><\/strong> e <strong><em>informar<\/em><\/strong> sobre <strong><em>la situaci\u00f3n actual de las Islas y sobre los reclamos argentinos.<\/em><\/strong><\/p>\n<p><strong>Tambi\u00e9n hubo mujeres que participaron de la guerra y fueron distribuidas tanto en tierra como en mar.<\/strong>\u00a0El buque hospital m\u00e1s grande que tuvo Argentina, el ARA Almirante Ir\u00edzar, cont\u00f3 con\u00a0<strong>siete enfermeras civiles voluntarias<\/strong>\u00a0que se embarcaron el 4 de junio y que estuvieron presentes en la zona de conflicto a partir de la cual se las debe reconocer como <strong>veteranas<\/strong>, acorde a la ley. Al igual que las trece ubicadas en el Hospital Reubicable de Comodoro Rivadavia,\u00a0<strong>ten\u00edan entre 21 y 24 a\u00f1os.<\/strong>\u00a0\u00c9stas \u00faltimas pertenec\u00edan a la Fuerza A\u00e9rea y\u00a0<strong>recib\u00edan a alrededor de treinta soldados por d\u00eda, trasladados en barcos y en aviones.<\/strong>\u00a0Seg\u00fan algunos testimonios recopilados, uno de los recuerdos m\u00e1s v\u00edvidos de aquellas mujeres es el de los heridos llamando a sus madres en cuanto se abr\u00edan las puertas del avi\u00f3n.<\/p>\n<p><strong>Estas mujeres, que vivieron tambi\u00e9n el horror y la crudeza de la guerra fueron omitidas en la reconstrucci\u00f3n colectiva sobre uno de los episodios m\u00e1s tristes de nuestra historia reciente. (Fuente: La Primera Piedra, link: https:\/\/www.laprimerapiedra.com.ar\/2018\/04\/mujeres-en-malvinas\/)<\/strong><\/p>\n<p>&nbsp;<\/p>\n<p><strong><u>Himno Nacional Argentino:<\/u><\/strong><\/p>\n<p>Nuestra Canci\u00f3n Patria es el Himno Nacional Argentino.<\/p>\n<p>Sus estrofas expresan el sentimiento de un pueblo que como ayer, est\u00e1 dispuesto a defender la identidad, la libertad y la soberan\u00eda sobre todo el territorio nacional, incluidas las Islas Malvinas.<\/p>\n<p>Tu voz, la de \u00e9l, la m\u00eda, la de todos se unen para cantarlo con respeto y con mucha emoci\u00f3n. Entonces todas las voces se transforman en una sola, <strong>nuestra voz argentina<\/strong>\u2026<\/p>\n<p>Pueden entonarlo en sus casas a trav\u00e9s de este link: <a href=\"https:\/\/youtu.be\/OqSQo2aifAA\">https:\/\/youtu.be\/OqSQo2aifAA<\/a><\/p>\n<p style=\"text-align: center;\"><iframe loading=\"lazy\" title=\"YouTube video player\" src=\"https:\/\/www.youtube.com\/embed\/OqSQo2aifAA\" width=\"560\" height=\"315\" frameborder=\"0\" allowfullscreen=\"allowfullscreen\"><\/iframe><\/p>\n<p><strong><u>Video:<\/u><\/strong><\/p>\n<p>Hoy se cumple un aniversario m\u00e1s de la recuperaci\u00f3n de las islas Malvinas, lo que ocasion\u00f3 una guerra cruenta entre nuestro pa\u00eds y el pa\u00eds que las ocupa. La guerra dur\u00f3 74 d\u00edas, hasta el 14 de junio, d\u00eda de la rendici\u00f3n argentina, luego de intensas batallas por tierra, aire y mar.<\/p>\n<p>Han pasado 39 a\u00f1os y cada 2 de abril se realizan actos en todo el pa\u00eds para homenajear y mantener vivos en la memoria, a aquellos que participaron de la gesta de Malvinas. Es por ello que deseamos recordar la experiencia de los j\u00f3venes que participaron de la Guerra de Malvinas, desde el servicio que han hecho a nuestra patria.<\/p>\n<p>El valor que demostraron al afrontar, no s\u00f3lo las duras e injustas condiciones de la lucha armada, sino el resto de sus vidas, hace que cada a\u00f1o dediquemos un tiempo a agradecer su gran entrega y reconocer a sus familiares. Debemos estar orgullosos de aquellos\/as que lucharon por nuestra soberan\u00eda y que sean siempre PRESENTES Y RECORDADOS\/DAS.<\/p>\n<p>Hoy, por la realidad sanitaria que est\u00e1 padeciendo el mundo en general y nuestro pa\u00eds en particular, recordaremos a nuestros H\u00e9roes desde nuestros hogares a trav\u00e9s del siguiente video: <a href=\"https:\/\/youtu.be\/dk1jEsrjsx0\">https:\/\/youtu.be\/dk1jEsrjsx0<\/a><\/p>\n<p style=\"text-align: center;\"><iframe loading=\"lazy\" title=\"YouTube video player\" src=\"https:\/\/www.youtube.com\/embed\/dk1jEsrjsx0\" width=\"560\" height=\"315\" frameborder=\"0\" allowfullscreen=\"allowfullscreen\"><\/iframe><\/p>\n<p>Tambi\u00e9n Mendoza envi\u00f3 j\u00f3venes valientes a defender la soberan\u00eda sobre las islas Malvinas. Como dice la canci\u00f3n de Los Trovadores de Cuyo Los 17 H\u00e9roes Mendocinos: <em>\u201cDe aquellos hijos que Mendoza prest\u00f3, a diecisiete en h\u00e9roes la muerte convirti\u00f3\u2026\u201d<\/em><\/p>\n<p>Los invito a escucharla mientras ven im\u00e1genes de Malvinas, en el siguiente video:<\/p>\n<p><a href=\"https:\/\/www.youtube.com\/watch?v=uTJZnxnSiSc\">https:\/\/www.youtube.com\/watch?v=uTJZnxnSiSc<\/a><\/p>\n<p style=\"text-align: center;\"><iframe loading=\"lazy\" title=\"YouTube video player\" src=\"https:\/\/www.youtube.com\/embed\/uTJZnxnSiSc\" width=\"560\" height=\"315\" frameborder=\"0\" allowfullscreen=\"allowfullscreen\"><\/iframe><\/p>\n<p><strong><u>Cierre:<\/u><\/strong><\/p>\n<p>Hoy, el reclamo sigue vigente, la herida sigue abierta y el recuerdo de aquellos j\u00f3venes soldados que ofrendaron la vida por su Patria nos convoca a buscar la mejor manera de reclamar nuestros derechos y soberan\u00eda: a trav\u00e9s del di\u00e1logo consensuado y sostenido por la clara convicci\u00f3n de que el \u00fanico modo de lograrlo es a trav\u00e9s de la Paz.<\/p>\n<p>Malvinas es a\u00fan una deuda de la democracia argentina, de los gobiernos, de los intelectuales, de los memoriosos, de los indiferentes y de los esc\u00e9pticos. No olvidemos que <strong><em>LAS MALVINAS FUERON, SON Y SER\u00c1N ARGENTINAS, NOS PERTENECEN POR RAZONES HIST\u00d3RICAS, GEOGR\u00c1FICAS Y POR DERECHOS DE SOBERAN\u00cdA.<\/em><\/strong><\/p>\n<p>Finalizamos este homenaje repitiendo una parte de la marcha a Las Malvinas:<\/p>\n<p>Tras su manto de neblinas,<br \/>\nno las hemos de olvidar.<br \/>\n\u00ab\u00a1Las Malvinas, Argentinas!\u00bb,<br \/>\nclama el viento y ruge el mar.<\/p>\n<p>Ni de aquellos horizontes<br \/>\nnuestra ense\u00f1a han de arrancar,<br \/>\npues su blanco est\u00e1 en los montes<br \/>\ny en su azul se ti\u00f1e el mar.<\/p>\n<p>&nbsp;<\/p>\n<p style=\"text-align: right;\">Muchas Gracias.<\/p>\n<p>Realizado por: Prof. Norma Garc\u00eda<\/p>\n<p>Coordinadora del Profesorado de Educaci\u00f3n Secundaria en Tecnolog\u00edas<\/p>\n","protected":false},"excerpt":{"rendered":"<p>Extra\u00eddo de: https:\/\/www.jujuyaldia.com.ar\/2020\/04\/02\/2-de-abril-dia-del-veterano-y-de-los-caidos-en-la-guerra-de-malvinas\/ &nbsp; INTRODUCCI\u00d3N: \u00bfQu\u00e9 se conmemora el 2 de abril? El 2 de abril se conmemora el \u201cD\u00eda del Veterano y de los Ca\u00eddos en la Guerra de Malvinas\u201d, para homenajear a los h\u00e9roes que combatieron en el conflicto b\u00e9lico del Atl\u00e1ntico Sur en 1982. Recordemos que el 2 de abril de 1982, &#8230; <a title=\"2 de abril &#8211; D\u00eda del veterano y de los ca\u00eddos en la Guerra de Malvinas\" class=\"read-more\" href=\"https:\/\/ens9003-infd.mendoza.edu.ar\/sitio\/2-de-abril-dia-del-veterano-y-de-los-caidos-en-la-guerra-de-malvinas\/\" aria-label=\"More on 2 de abril &#8211; D\u00eda del veterano y de los ca\u00eddos en la Guerra de Malvinas\">[+]<\/a><\/p>\n","protected":false},"author":7,"featured_media":0,"parent":0,"menu_order":0,"comment_status":"closed","ping_status":"closed","template":"","meta":[],"acf":[],"_links":{"self":[{"href":"https:\/\/ens9003-infd.mendoza.edu.ar\/sitio\/wp-json\/wp\/v2\/pages\/2796"}],"collection":[{"href":"https:\/\/ens9003-infd.mendoza.edu.ar\/sitio\/wp-json\/wp\/v2\/pages"}],"about":[{"href":"https:\/\/ens9003-infd.mendoza.edu.ar\/sitio\/wp-json\/wp\/v2\/types\/page"}],"author":[{"embeddable":true,"href":"https:\/\/ens9003-infd.mendoza.edu.ar\/sitio\/wp-json\/wp\/v2\/users\/7"}],"replies":[{"embeddable":true,"href":"https:\/\/ens9003-infd.mendoza.edu.ar\/sitio\/wp-json\/wp\/v2\/comments?post=2796"}],"version-history":[{"count":1,"href":"https:\/\/ens9003-infd.mendoza.edu.ar\/sitio\/wp-json\/wp\/v2\/pages\/2796\/revisions"}],"predecessor-version":[{"id":2797,"href":"https:\/\/ens9003-infd.mendoza.edu.ar\/sitio\/wp-json\/wp\/v2\/pages\/2796\/revisions\/2797"}],"wp:attachment":[{"href":"https:\/\/ens9003-infd.mendoza.edu.ar\/sitio\/wp-json\/wp\/v2\/media?parent=2796"}],"curies":[{"name":"wp","href":"https:\/\/api.w.org\/{rel}","templated":true}]}}