{"id":318,"date":"2016-10-31T14:20:44","date_gmt":"2016-10-31T17:20:44","guid":{"rendered":"https:\/\/ens9003-mza.infd.edu.ar\/sitio\/?page_id=318"},"modified":"2024-12-05T21:25:52","modified_gmt":"2024-12-06T00:25:52","slug":"contacto","status":"publish","type":"page","link":"https:\/\/ens9003-infd.mendoza.edu.ar\/sitio\/contacto\/","title":{"rendered":"CONTACTO"},"content":{"rendered":"<h2 style=\"text-align: center;\">Comunicate con nosotros:<\/h2>\n<h2><span style=\"color: #0000ff;\"><strong><em>Consultar por&#8230;<\/em><\/strong><\/span><\/h2>\n<p><a href=\"https:\/\/ens9003-infd.mendoza.edu.ar\/sitio\/formulario-de-contacto-titulos\/\" target=\"_blank\" rel=\"noopener\"><img decoding=\"async\" loading=\"lazy\" class=\"alignnone wp-image-2726\" src=\"https:\/\/ens9003-infd.mendoza.edu.ar\/sitio\/wp-content\/uploads\/2020\/12\/contactotitulos.png\" alt=\"\" width=\"296\" height=\"44\" \/><\/a><strong><span style=\"color: #ff0000;\">\u00a0&lt;&#8211; clic aqu\u00ed<\/span><\/strong><\/p>\n<p><a href=\"https:\/\/ens9003-infd.mendoza.edu.ar\/sitio\/formulario-de-contacto-ingreso\/\" target=\"_blank\" rel=\"noopener\"><strong><span style=\"color: #ff0000;\"><img decoding=\"async\" loading=\"lazy\" class=\"alignnone  wp-image-3084\" src=\"https:\/\/ens9003-infd.mendoza.edu.ar\/sitio\/wp-content\/uploads\/2021\/09\/contactoingreso.png\" alt=\"\" width=\"296\" height=\"44\" \/><\/span><\/strong><\/a><strong><span style=\"color: #ff0000;\">\u00a0&lt;&#8211; clic aqu\u00ed<\/span><\/strong><\/p>\n<p><a href=\"https:\/\/ens9003-infd.mendoza.edu.ar\/sitio\/formulario-de-contacto-formacion-continua\/\" target=\"_blank\" rel=\"noopener\"><img decoding=\"async\" loading=\"lazy\" class=\"alignnone wp-image-2167\" src=\"https:\/\/ens9003-infd.mendoza.edu.ar\/sitio\/wp-content\/uploads\/2019\/09\/contactopostitulos.png\" alt=\"\" width=\"294\" height=\"43\" \/><\/a><span style=\"color: #ff0000;\"><strong>\u00a0&lt;&#8211; clic aqu\u00ed<\/strong><\/span><\/p>\n<p><a href=\"https:\/\/ens9003-infd.mendoza.edu.ar\/sitio\/secretaria-2\/\" target=\"_blank\" rel=\"noopener\"><img decoding=\"async\" loading=\"lazy\" class=\"\" src=\"https:\/\/ens9003-infd.mendoza.edu.ar\/sitio\/wp-content\/uploads\/2019\/11\/secretar%C3%ADa.png\" width=\"294\" height=\"43\" \/><\/a>\u00a0<strong><span style=\"color: #ff0000;\">&lt;&#8211; clic aqu\u00ed<\/span><\/strong><\/p>\n<p><strong>Instituto Superior de Formaci\u00f3n Docente y T\u00e9cnica N\u00b0 9-003\u00a0<\/strong><strong>Normal Superior \u201cMercedes Tomasa de San Mart\u00edn de Balcarce\u201d<\/strong><\/p>\n<p><strong>Horarios de atenci\u00f3n<\/strong>: Lunes a Viernes 18:30 hs.\u00a0a 23:30 hs. \/\/ S\u00e1bado (solo post\u00edtulos) 09:00 hs. a 13:00 hs.<\/p>\n<p><strong>Domicilio<\/strong>: Barcala 14 ( <a href=\"https:\/\/ens9003-infd.mendoza.edu.ar\/sitio\/ubicacion\/\" target=\"_blank\" rel=\"noopener\">c\u00f3mo llegar ?\u00a0<\/a>)\u00a0<img decoding=\"async\" loading=\"lazy\" class=\"wp-image-2176 alignnone\" src=\"https:\/\/ens9003-infd.mendoza.edu.ar\/sitio\/wp-content\/uploads\/2019\/09\/maps-988x1000.png\" alt=\"\" width=\"27\" height=\"27\" srcset=\"https:\/\/ens9003-infd.mendoza.edu.ar\/sitio\/wp-content\/uploads\/2019\/09\/maps-988x1000.png 988w, https:\/\/ens9003-infd.mendoza.edu.ar\/sitio\/wp-content\/uploads\/2019\/09\/maps-500x500.png 500w, https:\/\/ens9003-infd.mendoza.edu.ar\/sitio\/wp-content\/uploads\/2019\/09\/maps-768x778.png 768w, https:\/\/ens9003-infd.mendoza.edu.ar\/sitio\/wp-content\/uploads\/2019\/09\/maps.png 1200w\" sizes=\"(max-width: 27px) 100vw, 27px\" \/><\/p>\n<p><strong>Departamento:<\/strong>\u00a0San Rafael<\/p>\n<p><strong>Provincia:<\/strong>\u00a0Mendoza<\/p>\n<p><strong>Pa\u00eds<\/strong>: Argentina<\/p>\n<p><strong>C.P.<\/strong>\u00a05600<\/p>\n<p><strong>Tel\u00e9fono<\/strong>: 054 \u2013 0260 \u2013 4423504<\/p>\n<p><strong>e-mail: <\/strong><a href=\"mailto:secretaria@ies9003.edu.ar\">secretaria@ies9003.edu.ar<\/a><\/p>\n<p><strong>web:\u00a0<\/strong><a href=\"https:\/\/ens9003-infd.mendoza.edu.ar\">https:\/\/ens9003-infd.mendoza.edu.ar<\/a><\/p>\n<p><strong>webmaster \/ administrador de plataforma:<\/strong>\u00a0<a href=\"mailto: adrianlagiglia@gmail.com\"><img decoding=\"async\" loading=\"lazy\" class=\"wp-image-4458 alignnone\" src=\"https:\/\/ens9003-infd.mendoza.edu.ar\/sitio\/wp-content\/uploads\/2023\/03\/correosf.png\" alt=\"\" width=\"47\" height=\"34\" \/><\/a><\/p>\n","protected":false},"excerpt":{"rendered":"<p>Comunicate con nosotros: Consultar por&#8230; \u00a0&lt;&#8211; clic aqu\u00ed \u00a0&lt;&#8211; clic aqu\u00ed \u00a0&lt;&#8211; clic aqu\u00ed \u00a0&lt;&#8211; clic aqu\u00ed Instituto Superior de Formaci\u00f3n Docente y T\u00e9cnica N\u00b0 9-003\u00a0Normal Superior \u201cMercedes Tomasa de San Mart\u00edn de Balcarce\u201d Horarios de atenci\u00f3n: Lunes a Viernes 18:30 hs.\u00a0a 23:30 hs. \/\/ S\u00e1bado (solo post\u00edtulos) 09:00 hs. a 13:00 hs. Domicilio: Barcala &#8230; <a title=\"CONTACTO\" class=\"read-more\" href=\"https:\/\/ens9003-infd.mendoza.edu.ar\/sitio\/contacto\/\" aria-label=\"More on CONTACTO\">[+]<\/a><\/p>\n","protected":false},"author":1,"featured_media":0,"parent":0,"menu_order":0,"comment_status":"closed","ping_status":"closed","template":"","meta":[],"acf":[],"_links":{"self":[{"href":"https:\/\/ens9003-infd.mendoza.edu.ar\/sitio\/wp-json\/wp\/v2\/pages\/318"}],"collection":[{"href":"https:\/\/ens9003-infd.mendoza.edu.ar\/sitio\/wp-json\/wp\/v2\/pages"}],"about":[{"href":"https:\/\/ens9003-infd.mendoza.edu.ar\/sitio\/wp-json\/wp\/v2\/types\/page"}],"author":[{"embeddable":true,"href":"https:\/\/ens9003-infd.mendoza.edu.ar\/sitio\/wp-json\/wp\/v2\/users\/1"}],"replies":[{"embeddable":true,"href":"https:\/\/ens9003-infd.mendoza.edu.ar\/sitio\/wp-json\/wp\/v2\/comments?post=318"}],"version-history":[{"count":50,"href":"https:\/\/ens9003-infd.mendoza.edu.ar\/sitio\/wp-json\/wp\/v2\/pages\/318\/revisions"}],"predecessor-version":[{"id":5205,"href":"https:\/\/ens9003-infd.mendoza.edu.ar\/sitio\/wp-json\/wp\/v2\/pages\/318\/revisions\/5205"}],"wp:attachment":[{"href":"https:\/\/ens9003-infd.mendoza.edu.ar\/sitio\/wp-json\/wp\/v2\/media?parent=318"}],"curies":[{"name":"wp","href":"https:\/\/api.w.org\/{rel}","templated":true}]}}