{"id":4982,"date":"2024-06-13T00:07:28","date_gmt":"2024-06-13T03:07:28","guid":{"rendered":"https:\/\/ens9003-infd.mendoza.edu.ar\/sitio\/?page_id=4982"},"modified":"2024-10-30T23:58:23","modified_gmt":"2024-10-31T02:58:23","slug":"elecciones-de-medio-termino","status":"publish","type":"page","link":"https:\/\/ens9003-infd.mendoza.edu.ar\/sitio\/elecciones-de-medio-termino\/","title":{"rendered":"Elecciones de Medio T\u00e9rmino"},"content":{"rendered":"\n<p><strong><em>Renovaci\u00f3n de miembros del Consejo Directivo, Claustro Docente, Claustro Alumnos y Claustro Egresados.<\/em><\/strong><\/p>\n\n\n\n<p><a rel=\"noreferrer noopener\" href=\"https:\/\/boe.mendoza.gov.ar\/default\/public\/publico\/verpdf\/32127\" target=\"_blank\">Resoluci\u00f3n N\u00b0: 117 Bolet\u00edn Oficial (P\u00e1g. 33)<\/a> &#8211; <a rel=\"noreferrer noopener\" href=\"https:\/\/boe.mendoza.gov.ar\/publico\/verpdf\/be120660a81d0960c54f57d80b1c578bf953827921\/anexo\" target=\"_blank\">Anexo<\/a><\/p>\n\n\n\n<p><strong>FECHAS IMPORTANTES:<\/strong><\/p>\n\n\n\n<ul>\n<li>19\/06\/2024 al 28\/06\/2024 Inscripci\u00f3n Padr\u00f3n Claustro Egresados.<\/li>\n\n\n\n<li>03\/07\/2024 Asambleas Claustro Docentes, (\u00fanicamente docentes titulares), para la Conformaci\u00f3n Junta Electoral, 19:30 hs Gimnasio de la Instituci\u00f3n.<\/li>\n\n\n\n<li>04\/07\/2024 Asambleas Claustro Alumnos, para la Conformaci\u00f3n Junta Electoral, 19:30 hs Gimnasio de la Instituci\u00f3n.<\/li>\n\n\n\n<li>04\/07\/2024 Asambleas Claustro Egresados, para la Conformaci\u00f3n Junta Electoral, 21:00 hs Gimnasio de la Instituci\u00f3n.<\/li>\n<\/ul>\n\n\n\n<p><img decoding=\"async\" loading=\"lazy\" width=\"600\" height=\"296\" class=\"wp-image-4992\" style=\"width: 200px;\" src=\"https:\/\/ens9003-infd.mendoza.edu.ar\/sitio\/wp-content\/uploads\/2024\/06\/image.png\" alt=\"\">Egresados interesados, empadronarse <a rel=\"noreferrer noopener\" href=\"https:\/\/forms.gle\/gGGVU7G53BBxuw7S8\" target=\"_blank\"><strong>AQU\u00cd<\/strong><\/a><\/p>\n\n\n\n<p class=\"has-pale-ocean-gradient-background has-background has-medium-font-size\"><strong><a rel=\"noreferrer noopener\" href=\"https:\/\/drive.google.com\/drive\/folders\/14Mjmt64s7i8QnmmlX0AKod5Vvx65D0PN?usp=drive_link\" data-type=\"URL\" data-id=\"https:\/\/drive.google.com\/drive\/folders\/14Mjmt64s7i8QnmmlX0AKod5Vvx65D0PN?usp=drive_link\" target=\"_blank\">Padrones Definitivos<\/a><\/strong><\/p>\n\n\n\n<p><a href=\"https:\/\/drive.google.com\/file\/d\/1C0uckb1e1CVhGpWy119aQe_LxBZInn1r\/view?usp=sharing\" data-type=\"URL\" data-id=\"https:\/\/drive.google.com\/file\/d\/1C0uckb1e1CVhGpWy119aQe_LxBZInn1r\/view?usp=sharing\" target=\"_blank\" rel=\"noreferrer noopener\">Comunicado Especificaciones Generales<\/a><\/p>\n\n\n\n<p><a href=\"https:\/\/drive.google.com\/file\/d\/12iVaSFXgnDFXZ7sNqqpDDUZ_TB9QYWsY\/view?usp=sharing\" data-type=\"URL\" data-id=\"https:\/\/drive.google.com\/file\/d\/12iVaSFXgnDFXZ7sNqqpDDUZ_TB9QYWsY\/view?usp=sharing\" target=\"_blank\" rel=\"noreferrer noopener\">Nota elevo Apoderado<\/a><\/p>\n\n\n\n<p><a rel=\"noreferrer noopener\" href=\"https:\/\/drive.google.com\/file\/d\/1ExJEXdAy7JWufaVxT4lkeaEP6Z_cToqB\/view?usp=sharing\" data-type=\"URL\" data-id=\"https:\/\/drive.google.com\/file\/d\/1ExJEXdAy7JWufaVxT4lkeaEP6Z_cToqB\/view?usp=sharing\" target=\"_blank\">Planilla Patrocinadores<\/a><\/p>\n\n\n\n<p><a rel=\"noreferrer noopener\" href=\"https:\/\/drive.google.com\/file\/d\/1GO6gIf-vyFh6YIDbTRjx6uFoHcRxMDD9\/view?usp=sharing\" data-type=\"URL\" data-id=\"https:\/\/drive.google.com\/file\/d\/1GO6gIf-vyFh6YIDbTRjx6uFoHcRxMDD9\/view?usp=sharing\" target=\"_blank\">Planilla candidatos por Claustros<\/a><\/p>\n\n\n\n<p><a rel=\"noreferrer noopener\" href=\"https:\/\/drive.google.com\/file\/d\/1GuG5CmdwFiQMcfeqt57rnoH92cvMSnVp\/view?usp=sharing\" data-type=\"URL\" data-id=\"https:\/\/drive.google.com\/file\/d\/1GuG5CmdwFiQMcfeqt57rnoH92cvMSnVp\/view?usp=sharing\" target=\"_blank\">Comunicado Junta Electoral<\/a><\/p>\n\n\n\n<p><a rel=\"noreferrer noopener\" href=\"https:\/\/drive.google.com\/file\/d\/1SE63U3IGJcL4NNhpsq_BIDRiYtw5njSJ\/view?usp=sharing\" data-type=\"URL\" data-id=\"https:\/\/drive.google.com\/file\/d\/1SE63U3IGJcL4NNhpsq_BIDRiYtw5njSJ\/view?usp=sharing\" target=\"_blank\">Comunicado Oficializaci\u00f3n de listas<\/a><\/p>\n\n\n\n<p><a href=\"https:\/\/drive.google.com\/file\/d\/1uaU6crhCztdclDZx-_8REsZUP7Haiug4\/view?usp=sharing\" data-type=\"URL\" data-id=\"https:\/\/drive.google.com\/file\/d\/1uaU6crhCztdclDZx-_8REsZUP7Haiug4\/view?usp=sharing\" target=\"_blank\" rel=\"noreferrer noopener\">Modificaci\u00f3n de fechas en el Cronograma de Elecciones<\/a><\/p>\n","protected":false},"excerpt":{"rendered":"<p>Renovaci\u00f3n de miembros del Consejo Directivo, Claustro Docente, Claustro Alumnos y Claustro Egresados. Resoluci\u00f3n N\u00b0: 117 Bolet\u00edn Oficial (P\u00e1g. 33) &#8211; Anexo FECHAS IMPORTANTES: Egresados interesados, empadronarse AQU\u00cd Padrones Definitivos Comunicado Especificaciones Generales Nota elevo Apoderado Planilla Patrocinadores Planilla candidatos por Claustros Comunicado Junta Electoral Comunicado Oficializaci\u00f3n de listas Modificaci\u00f3n de fechas en el Cronograma &#8230; <a title=\"Elecciones de Medio T\u00e9rmino\" class=\"read-more\" href=\"https:\/\/ens9003-infd.mendoza.edu.ar\/sitio\/elecciones-de-medio-termino\/\" aria-label=\"More on Elecciones de Medio T\u00e9rmino\">[+]<\/a><\/p>\n","protected":false},"author":7,"featured_media":0,"parent":0,"menu_order":0,"comment_status":"closed","ping_status":"closed","template":"","meta":[],"acf":[],"_links":{"self":[{"href":"https:\/\/ens9003-infd.mendoza.edu.ar\/sitio\/wp-json\/wp\/v2\/pages\/4982"}],"collection":[{"href":"https:\/\/ens9003-infd.mendoza.edu.ar\/sitio\/wp-json\/wp\/v2\/pages"}],"about":[{"href":"https:\/\/ens9003-infd.mendoza.edu.ar\/sitio\/wp-json\/wp\/v2\/types\/page"}],"author":[{"embeddable":true,"href":"https:\/\/ens9003-infd.mendoza.edu.ar\/sitio\/wp-json\/wp\/v2\/users\/7"}],"replies":[{"embeddable":true,"href":"https:\/\/ens9003-infd.mendoza.edu.ar\/sitio\/wp-json\/wp\/v2\/comments?post=4982"}],"version-history":[{"count":16,"href":"https:\/\/ens9003-infd.mendoza.edu.ar\/sitio\/wp-json\/wp\/v2\/pages\/4982\/revisions"}],"predecessor-version":[{"id":5162,"href":"https:\/\/ens9003-infd.mendoza.edu.ar\/sitio\/wp-json\/wp\/v2\/pages\/4982\/revisions\/5162"}],"wp:attachment":[{"href":"https:\/\/ens9003-infd.mendoza.edu.ar\/sitio\/wp-json\/wp\/v2\/media?parent=4982"}],"curies":[{"name":"wp","href":"https:\/\/api.w.org\/{rel}","templated":true}]}}