{"id":860,"date":"2018-06-28T17:24:45","date_gmt":"2018-06-28T20:24:45","guid":{"rendered":"https:\/\/ens9003-mza.infd.edu.ar\/sitio\/investigacion-promocion-y-desarrollo\/"},"modified":"2024-06-05T08:06:38","modified_gmt":"2024-06-05T11:06:38","slug":"investigacion-promocion-y-desarrollo","status":"publish","type":"page","link":"https:\/\/ens9003-infd.mendoza.edu.ar\/sitio\/investigacion-promocion-y-desarrollo\/","title":{"rendered":"Departamento de Investigaci\u00f3n Promoci\u00f3n y Desarrollo"},"content":{"rendered":"<p style=\"text-align: center;\"><span style=\"font-family: arial,helvetica,sans-serif;\"><span style=\"font-size: 10pt;\"><span style=\"color: #000000;\"><span style=\"font-family: arial,helvetica,sans-serif;\"><strong>Jefatura del Departamento de Investigaci\u00f3n, Promoci\u00f3n y Desarrollo<\/strong><\/span><\/span><\/span><\/span><\/p>\n<p style=\"text-align: center;\"><span style=\"color: #0000ff;\"><strong><span style=\"font-family: arial,helvetica,sans-serif;\"><span style=\"font-size: 10pt;\"><span style=\"font-family: arial,helvetica,sans-serif;\">Prof. Lic. Esp. Mar\u00eda Cecilia Mu\u00f1oz<\/span><\/span><\/span><\/strong><\/span><\/p>\n<p><span style=\"font-size: 10pt;\"><strong><a href=\"http:\/\/pirqas.com\" target=\"_blank\" rel=\"noopener\"><img decoding=\"async\" loading=\"lazy\" class=\"wp-image-4543 alignright\" src=\"https:\/\/ens9003-infd.mendoza.edu.ar\/sitio\/wp-content\/uploads\/2023\/05\/pirqas.png\" alt=\"\" width=\"215\" height=\"296\" \/><\/a>PRESENTACI\u00d3N<\/strong><\/span><\/p>\n<p style=\"text-align: justify;\"><span style=\"font-size: 10pt;\">El Departamento de Investigaci\u00f3n del ISFD 9-003 tiene los objetivos de producir conocimientos sobre la ense\u00f1anza, la formaci\u00f3n y el trabajo docente y de contribuir al fortalecimiento de la funci\u00f3n de investigaci\u00f3n en el sistema formador.<\/span><\/p>\n<p style=\"text-align: justify;\"><span style=\"font-size: 10pt;\">Los prop\u00f3sitos del sistema formador refieren a la producci\u00f3n de saberes sobre la ense\u00f1anza, la formaci\u00f3n y el trabajo docente, teniendo en cuenta que la tarea sustantiva de la profesi\u00f3n requiere conocimientos espec\u00edficos que contemplen la complejidad del desempe\u00f1o docente.<\/span><\/p>\n<p style=\"text-align: justify;\"><span style=\"font-size: 10pt;\">La producci\u00f3n de conocimientos a partir del an\u00e1lisis y estudio sistem\u00e1tico de los problemas presentes en el sistema de formaci\u00f3n docente tiene como objeto generar las condiciones para impactar en la definici\u00f3n de pol\u00edticas y estrategias de superaci\u00f3n m\u00e1s pertinentes.<\/span><\/p>\n<p style=\"text-align: justify;\"><span style=\"font-size: 10pt;\">Se pretende que los resultados de las investigaciones y el estudio de experiencias realizadas incidan sobre las pr\u00e1cticas y contenidos de la formaci\u00f3n docente inicial y continua, originando formas propias de interacci\u00f3n con el conocimiento.<\/span><\/p>\n<p style=\"text-align: justify;\"><span style=\"font-size: 10pt;\"><strong>OBJETIVOS<\/strong><\/span><\/p>\n<ul>\n<li><span style=\"font-size: 10pt;\">Promover la investigaci\u00f3n educativa en todos actores de la comunidad educativa.<\/span><\/li>\n<li><span style=\"font-size: 10pt;\">Promover la formaci\u00f3n de equipos interdisciplinarios de investigaci\u00f3n.<\/span><\/li>\n<li><span style=\"font-size: 10pt;\">Estimular el desarrollo de trabajos de investigaci\u00f3n que aborden problem\u00e1ticas propias de nuestra instituci\u00f3n y de la regi\u00f3n, con el objeto de incidir significativamente en las pr\u00e1cticas y en la comunidad.<\/span><\/li>\n<\/ul>\n<p><span style=\"font-size: 10pt;\"><strong>L\u00cdNEAS DE ACCI\u00d3N DEL DEPARTAMENTO<\/strong><\/span><\/p>\n<p style=\"text-align: justify;\"><span style=\"font-size: 10pt;\"><strong>Trabajo articulado<\/strong> de con el Consejo Provincial de Investigaci\u00f3n, como \u00f3rgano que direcciona la pol\u00edtica de investigaci\u00f3n provincial.<\/span><\/p>\n<ul style=\"text-align: justify;\">\n<li><span style=\"font-size: 10pt;\">Propiciar la participaci\u00f3n de los docentes investigadores en las distintas actividades que desde all\u00ed se promuevan.<\/span><\/li>\n<\/ul>\n<p style=\"text-align: justify;\"><span style=\"font-size: 10pt;\"><strong>Coordinar y asesorar<\/strong> las investigaciones que se llevan a cabo en la instituci\u00f3n, las cuales han sido aprobadas previamente por el Consejo Acad\u00e9mico.<\/span><\/p>\n<ul style=\"text-align: justify;\">\n<li><span style=\"font-size: 10pt;\">Acompa\u00f1ar a los directores de equipos en la formulaci\u00f3n de proyectos e informes de investigaci\u00f3n para presentar en las fechas estipuladas.<\/span><\/li>\n<li><span style=\"font-size: 10pt;\">Asistir, junto con los directores de proyectos, a las instancias de evaluaci\u00f3n de proyectos e informes convocadas por la DES.<\/span><\/li>\n<li><span style=\"font-size: 10pt;\">Generar espacios de capacitaci\u00f3n, actualizaci\u00f3n y\/o intercambio en metodolog\u00eda de la investigaci\u00f3n u otras tem\u00e1ticas que surjan como necesidades concreta para los equipos de investigaci\u00f3n.<\/span><\/li>\n<\/ul>\n<p style=\"text-align: justify;\"><span style=\"font-size: 10pt;\"><strong>Promover el intercambio y divulgaci\u00f3n<\/strong> de los trabajos de investigaci\u00f3n de manera intrainstitucional e interinstitucional.<\/span><\/p>\n<ul style=\"text-align: justify;\">\n<li><span style=\"font-size: 10pt;\">Publicaci\u00f3n virtual e impresa de las investigaciones realizadas con el objeto de divulgar los resultados obtenidos y\/o favorecer la discusi\u00f3n sobre los hallazgos obtenidos en los diferentes estudios realizados por docentes y alumnos de la instituci\u00f3n.<\/span><\/li>\n<\/ul>\n<p style=\"text-align: justify;\"><span style=\"font-size: 10pt;\"><strong>Promover la integraci\u00f3n de los alumnos<\/strong> en los diferentes proyectos de investigaci\u00f3n.<\/span><br \/>\n<span style=\"font-size: 10pt;\">Los alumnos que comienzan a hacer sus intervenciones, pueden realizar un recorte de la realidad a partir de una propuesta de investigaci\u00f3n elaborada por el docente, para luego desarrollar un an\u00e1lisis en conjunto. \u00c9ste puede ser profundizado por el docente de la c\u00e1tedra que le permitir\u00e1 ver la realidad del aula que ser\u00e1 el campo de acci\u00f3n de nuestros futuros docentes, y as\u00ed modificar sus pr\u00e1cticas atendiendo a una realidad social y cultural real.<\/span><\/p>\n<ul style=\"text-align: justify;\">\n<li><span style=\"font-size: 10pt;\">Fomentar en los estudiantes la participaci\u00f3n en los diferentes proyectos de investigaci\u00f3n.<\/span><\/li>\n<li><span style=\"font-size: 10pt;\">Desarrollar el gusto y el inter\u00e9s en la investigaci\u00f3n, para reflexionar en la pr\u00e1ctica.<\/span><\/li>\n<li><span style=\"font-size: 10pt;\">Fortalecer los equipos de investigaci\u00f3n con la presencia de los alumnos.<\/span><\/li>\n<li><span style=\"font-size: 10pt;\">Para ello, se trabajar\u00e1 en forma conjunta con los docentes de \u201cPr\u00e1ctica e Investigaci\u00f3n Educativa\u201d y \u201cPr\u00e1ctica Profesional Docente\u201d.<\/span><\/li>\n<li><span style=\"font-size: 10pt;\">Identificar problem\u00e1ticas propias de las diferentes instituciones de las escuelas asociadas.<\/span><\/li>\n<\/ul>\n<p style=\"text-align: justify;\"><span style=\"font-size: 10pt;\"><strong>Difundir y coordinar jornadas o eventos<\/strong> u otras actividades referidas a la investigaci\u00f3n.<\/span><\/p>\n<ul style=\"text-align: justify;\">\n<li><span style=\"font-size: 10pt;\">Promover la participaci\u00f3n de docentes y alumnos investigadores en jornadas, congresos y ateneos regionales, provinciales o nacionales.<\/span><\/li>\n<li><span style=\"font-size: 10pt;\">Promover la organizaci\u00f3n y desarrollo de una jornada anual en el ISDF 9-003.<\/span><\/li>\n<\/ul>\n<p style=\"text-align: justify;\"><span style=\"font-size: 10pt;\"><strong>Articulaci\u00f3n con la Jefatura de Formaci\u00f3n Inicial<\/strong> sobre la did\u00e1ctica docente aplicada en el nivel superior.<\/span><\/p>\n<ul style=\"text-align: justify;\">\n<li><span style=\"font-size: 10pt;\">Para ello, se trabajar\u00e1 en forma conjunta con los coordinadores de cada carrera, docentes y alumnos.<\/span><\/li>\n<\/ul>\n<p style=\"text-align: justify;\"><span style=\"font-size: 10pt;\"><strong>Articulaci\u00f3n con el Departamento de Alumnos y Preceptores<\/strong> con el fin de conocer caracter\u00edsticas de los alumnos.<\/span><\/p>\n<ul>\n<li style=\"text-align: justify;\"><span style=\"font-size: 10pt;\">Construir una base de datos demogr\u00e1ficos de los alumnos.<\/span><\/li>\n<li style=\"text-align: justify;\"><span style=\"font-size: 10pt;\">Conocer en n\u00fameros reales de ingreso-egreso<\/span><\/li>\n<li style=\"text-align: justify;\"><span style=\"font-size: 10pt;\">Entender problem\u00e1ticas de abandono.<\/span><\/li>\n<\/ul>\n<hr style=\"width: 150px;\" width=\"150\" \/>\n<p style=\"text-align: center;\"><strong><span style=\"text-decoration: underline;\"><span style=\"font-family: arial,helvetica,sans-serif;\"><span style=\"font-size: 10pt;\">Normativa Vigente para\u00a0<strong>Investigaci\u00f3n, Promoci\u00f3n y Desarrollo<\/strong><\/span><\/span><\/span><\/strong><\/p>\n<ul>\n<li><span style=\"font-family: arial,helvetica,sans-serif;\"><span style=\"font-size: 10pt;\"><span style=\"color: #000000;\"><span style=\"font-family: arial,helvetica,sans-serif;\"><a title=\"Inv 2011_Resolucion CFE_140-11\" href=\"upload\/2011_Resolucion_CFE_140-11.pdf\" target=\"_blank\" rel=\"noopener\">Resolucion CFE_140-11<\/a><\/span><\/span><\/span><\/span><\/li>\n<li><span style=\"font-family: arial,helvetica,sans-serif;\"><span style=\"font-size: 10pt;\"><span style=\"color: #000000;\"><span style=\"font-family: arial,helvetica,sans-serif;\"><a title=\"Inv 2011_Resolucion CFE_140-11-ANEXO\" href=\"upload\/2011_Resolucion_CFE_140-11-ANEXO.pdf\" target=\"_blank\" rel=\"noopener\">Resolucion CFE_140-11-Anexo<\/a><\/span><\/span><\/span><\/span><\/li>\n<li><span style=\"font-family: arial,helvetica,sans-serif;\"><span style=\"font-size: 10pt;\"><span style=\"color: #000000;\"><span style=\"font-family: arial,helvetica,sans-serif;\"><a title=\"Inv 2013_FUNCIONA de la INV_Marcos Normativos\" href=\"upload\/2013_FUNCIONA_de_la_INV_Marcos_Normativos.pdf\" target=\"_blank\" rel=\"noopener\">Funciona de la Inv_Marcos Normativos<\/a><\/span><\/span><\/span><\/span><\/li>\n<li><span style=\"font-family: arial,helvetica,sans-serif;\"><span style=\"font-size: 10pt;\"><a title=\"Inv 2013_La_organizacion_de_la_funcion_de_investigacion_en_la_formacion_docente\" href=\"upload\/2013_La_organizacion_de_la_funcion_de_investigacion_en_la_formacion_docente.pdf\" target=\"_blank\" rel=\"noopener\">La_organizacion_de_la_funcion_de_investigacion_en_la_formacion_docente<\/a><\/span><\/span><\/li>\n<li><span style=\"font-family: arial,helvetica,sans-serif;\"><span style=\"font-size: 10pt;\"><a title=\"Resoluci\u00f3n 3001-DGE-15\" href=\"upload\/Res_3001-15-DES.pdf\" target=\"_blank\" rel=\"noopener\">Resoluci\u00f3n 3001-DGE-15<\/a><\/span><\/span><\/li>\n<li><a href=\"https:\/\/drive.google.com\/file\/d\/1VmYAEdYvOFs8rgTxFTUNzEECizHQjq3a\/view?usp=drive_link\" target=\"_blank\" rel=\"noopener\">Circular N\u00b0 16 \u2013 DESUP \u2013 24 &#8211; Convocatoria Proyectos de Investigaci\u00f3n 2024 &#8211; Bases y Condiciones<\/a><\/li>\n<li><a href=\"https:\/\/drive.google.com\/file\/d\/1dk2htCTVmPhycXRcMu3HBpDNmBBs6Bcz\/view?usp=drive_link\" target=\"_blank\" rel=\"noopener\">Circular N\u00b0 16 \u2013 DESUP \u2013 24 &#8211; Convocatoria <\/a><a href=\"https:\/\/drive.google.com\/file\/d\/1VmYAEdYvOFs8rgTxFTUNzEECizHQjq3a\/view?usp=drive_link\" target=\"_blank\" rel=\"noopener\">Proyectos de Investigaci\u00f3n<\/a><a href=\"https:\/\/drive.google.com\/file\/d\/1dk2htCTVmPhycXRcMu3HBpDNmBBs6Bcz\/view?usp=drive_link\" target=\"_blank\" rel=\"noopener\"> 2024 &#8211; Bases y Condiciones -Anexo-<\/a><\/li>\n<li><a href=\"https:\/\/drive.google.com\/file\/d\/1AGHqmwlAIetvrp3sVs7uoyzO5x2BZIk3\/view?usp=drive_link\" target=\"_blank\" rel=\"noopener\">Circular N\u00b0 17 \u2013 DESUP &#8211; 24 &#8211; Convocatoria Banco de Evaluadores 2024 (1er llamado mayo)<\/a><\/li>\n<\/ul>\n","protected":false},"excerpt":{"rendered":"<p>Jefatura del Departamento de Investigaci\u00f3n, Promoci\u00f3n y Desarrollo Prof. Lic. Esp. Mar\u00eda Cecilia Mu\u00f1oz PRESENTACI\u00d3N El Departamento de Investigaci\u00f3n del ISFD 9-003 tiene los objetivos de producir conocimientos sobre la ense\u00f1anza, la formaci\u00f3n y el trabajo docente y de contribuir al fortalecimiento de la funci\u00f3n de investigaci\u00f3n en el sistema formador. Los prop\u00f3sitos del sistema &#8230; <a title=\"Departamento de Investigaci\u00f3n Promoci\u00f3n y Desarrollo\" class=\"read-more\" href=\"https:\/\/ens9003-infd.mendoza.edu.ar\/sitio\/investigacion-promocion-y-desarrollo\/\" aria-label=\"More on Departamento de Investigaci\u00f3n Promoci\u00f3n y Desarrollo\">[+]<\/a><\/p>\n","protected":false},"author":7,"featured_media":0,"parent":0,"menu_order":0,"comment_status":"closed","ping_status":"closed","template":"","meta":[],"acf":[],"_links":{"self":[{"href":"https:\/\/ens9003-infd.mendoza.edu.ar\/sitio\/wp-json\/wp\/v2\/pages\/860"}],"collection":[{"href":"https:\/\/ens9003-infd.mendoza.edu.ar\/sitio\/wp-json\/wp\/v2\/pages"}],"about":[{"href":"https:\/\/ens9003-infd.mendoza.edu.ar\/sitio\/wp-json\/wp\/v2\/types\/page"}],"author":[{"embeddable":true,"href":"https:\/\/ens9003-infd.mendoza.edu.ar\/sitio\/wp-json\/wp\/v2\/users\/7"}],"replies":[{"embeddable":true,"href":"https:\/\/ens9003-infd.mendoza.edu.ar\/sitio\/wp-json\/wp\/v2\/comments?post=860"}],"version-history":[{"count":16,"href":"https:\/\/ens9003-infd.mendoza.edu.ar\/sitio\/wp-json\/wp\/v2\/pages\/860\/revisions"}],"predecessor-version":[{"id":4975,"href":"https:\/\/ens9003-infd.mendoza.edu.ar\/sitio\/wp-json\/wp\/v2\/pages\/860\/revisions\/4975"}],"wp:attachment":[{"href":"https:\/\/ens9003-infd.mendoza.edu.ar\/sitio\/wp-json\/wp\/v2\/media?parent=860"}],"curies":[{"name":"wp","href":"https:\/\/api.w.org\/{rel}","templated":true}]}}