{"id":875,"date":"2018-06-28T17:24:51","date_gmt":"2018-06-28T20:24:51","guid":{"rendered":"https:\/\/ens9003-mza.infd.edu.ar\/sitio\/alumnos\/"},"modified":"2024-07-02T20:08:14","modified_gmt":"2024-07-02T23:08:14","slug":"alumnos","status":"publish","type":"page","link":"https:\/\/ens9003-infd.mendoza.edu.ar\/sitio\/alumnos\/","title":{"rendered":"Alumnos"},"content":{"rendered":"\n<p class=\"has-text-align-left\"><img decoding=\"async\" style=\"width: 150px;\" src=\"https:\/\/ens9003-infd.mendoza.edu.ar\/sitio\/wp-content\/uploads\/2023\/02\/importante.gif\" alt=\"\"><\/p>\n\n\n\n<figure class=\"wp-block-table justify\"><table><tbody><tr><td><strong>Matriculaci\u00f3n<\/strong><\/td><td>Si no tiene acceso a la <strong>OVA<\/strong> (Oficina Virtual de Alumnos), es posible realizar la matriculaci\u00f3n SIN INCONVENIENTE de manera presencial en la Instituci\u00f3n, de Lunes a Viernes de 18:30 hs. a 21:00 hs. en el Laboratorio de Ciencias (Planta Alta) entre el 05\/08 y el 09\/08.<\/td><\/tr><tr><td><strong>Netbook<\/strong><\/td><td><a rel=\"noreferrer noopener\" href=\"https:\/\/ens9003-infd.mendoza.edu.ar\/sitio\/netbook\/\" target=\"_blank\">Normativa vigente<\/a><\/td><\/tr><\/tbody><\/table><\/figure>\n","protected":false},"excerpt":{"rendered":"<p>Matriculaci\u00f3n Si no tiene acceso a la OVA (Oficina Virtual de Alumnos), es posible realizar la matriculaci\u00f3n SIN INCONVENIENTE de manera presencial en la Instituci\u00f3n, de Lunes a Viernes de 18:30 hs. a 21:00 hs. en el Laboratorio de Ciencias (Planta Alta) entre el 05\/08 y el 09\/08. Netbook Normativa vigente<\/p>\n","protected":false},"author":7,"featured_media":0,"parent":0,"menu_order":0,"comment_status":"closed","ping_status":"closed","template":"","meta":[],"acf":[],"_links":{"self":[{"href":"https:\/\/ens9003-infd.mendoza.edu.ar\/sitio\/wp-json\/wp\/v2\/pages\/875"}],"collection":[{"href":"https:\/\/ens9003-infd.mendoza.edu.ar\/sitio\/wp-json\/wp\/v2\/pages"}],"about":[{"href":"https:\/\/ens9003-infd.mendoza.edu.ar\/sitio\/wp-json\/wp\/v2\/types\/page"}],"author":[{"embeddable":true,"href":"https:\/\/ens9003-infd.mendoza.edu.ar\/sitio\/wp-json\/wp\/v2\/users\/7"}],"replies":[{"embeddable":true,"href":"https:\/\/ens9003-infd.mendoza.edu.ar\/sitio\/wp-json\/wp\/v2\/comments?post=875"}],"version-history":[{"count":98,"href":"https:\/\/ens9003-infd.mendoza.edu.ar\/sitio\/wp-json\/wp\/v2\/pages\/875\/revisions"}],"predecessor-version":[{"id":5013,"href":"https:\/\/ens9003-infd.mendoza.edu.ar\/sitio\/wp-json\/wp\/v2\/pages\/875\/revisions\/5013"}],"wp:attachment":[{"href":"https:\/\/ens9003-infd.mendoza.edu.ar\/sitio\/wp-json\/wp\/v2\/media?parent=875"}],"curies":[{"name":"wp","href":"https:\/\/api.w.org\/{rel}","templated":true}]}}