{"id":878,"date":"2018-06-28T17:24:53","date_gmt":"2018-06-28T20:24:53","guid":{"rendered":"https:\/\/ens9003-mza.infd.edu.ar\/sitio\/carreras\/"},"modified":"2026-01-06T18:50:10","modified_gmt":"2026-01-06T21:50:10","slug":"carreras","status":"publish","type":"page","link":"https:\/\/ens9003-infd.mendoza.edu.ar\/sitio\/carreras\/","title":{"rendered":"Carreras"},"content":{"rendered":"<h5 style=\"text-align: center;\"><strong>Tecnicatura Superior en Comunicaci\u00f3n Digital Convergente (A DISTANCIA)<\/strong><\/h5>\n<p><img decoding=\"async\" loading=\"lazy\" class=\"wp-image-5765 aligncenter\" src=\"https:\/\/ens9003-infd.mendoza.edu.ar\/sitio\/wp-content\/uploads\/2025\/12\/TCD-para-WEB-1000x563.png\" alt=\"\" width=\"657\" height=\"370\" srcset=\"https:\/\/ens9003-infd.mendoza.edu.ar\/sitio\/wp-content\/uploads\/2025\/12\/TCD-para-WEB-1000x563.png 1000w, https:\/\/ens9003-infd.mendoza.edu.ar\/sitio\/wp-content\/uploads\/2025\/12\/TCD-para-WEB-1900x1069.png 1900w, https:\/\/ens9003-infd.mendoza.edu.ar\/sitio\/wp-content\/uploads\/2025\/12\/TCD-para-WEB-768x432.png 768w, https:\/\/ens9003-infd.mendoza.edu.ar\/sitio\/wp-content\/uploads\/2025\/12\/TCD-para-WEB-1536x864.png 1536w, https:\/\/ens9003-infd.mendoza.edu.ar\/sitio\/wp-content\/uploads\/2025\/12\/TCD-para-WEB.png 1920w\" sizes=\"(max-width: 657px) 100vw, 657px\" \/><\/p>\n\n\n<div class=\"wp-block-columns is-layout-flex wp-container-2\">\n<div class=\"wp-block-column is-layout-flow\" style=\"flex-basis:100%\">\n<figure class=\"wp-block-table is-style-stripes\"><table><tbody><tr><td><strong>Preguntas Frencuentes<\/strong> &#8211; <strong><a rel=\"noreferrer noopener\" href=\"https:\/\/drive.google.com\/file\/d\/193FpxqQonm0S4D3QJsj3BV2R8E_aJcEE\/view?usp=sharing\" data-type=\"URL\" data-id=\"https:\/\/drive.google.com\/file\/d\/193FpxqQonm0S4D3QJsj3BV2R8E_aJcEE\/view?usp=sharing\" target=\"_blank\"><em>Clic Aqu\u00ed<\/em><\/a><\/strong><br>Si tu duda no est\u00e1 en las \u00ab<em><strong>preguntas frecuentes<\/strong><\/em>\u00ab, escribinos aqu\u00ed: <strong>educacionadistancia@ies9003.edu.ar<\/strong><\/td><\/tr><tr><td>Resoluci\u00f3n en v\u00edas de emisi\u00f3n &#8211; APROBADA con Validez Provincial y Nacional &#8211; <strong><em><a href=\"https:\/\/www.mendoza.edu.ar\/oferta-de-ead-formacion-inicial\/\">Clic Aqu\u00ed<\/a><\/em><\/strong><\/td><\/tr><\/tbody><\/table><figcaption class=\"wp-element-caption\"><strong>INSCRIPCI\u00d3N &#8211; <\/strong><s><strong><em>Clic Aqu\u00ed<\/em><\/strong> <\/s>. <strong>Importante<\/strong>: <em><strong>Inscripciones CERRADAS por amplia cobertura de los cupos (06\/01\/2026)<\/strong><\/em><\/figcaption><\/figure>\n<\/div>\n<\/div>\n\n\n\n<div class=\"wp-block-group is-layout-constrained\"><div class=\"wp-block-group__inner-container\">\n<p><strong style=\"font-size: revert;\">Profesorados<\/strong><\/p>\n<div id=\"S2\">\n<ul>\n<li style=\"text-align: left;\"><a href=\"https:\/\/ens9003-infd.mendoza.edu.ar\/sitio\/profesorado-de-educacion-primaria\/\" target=\"_blank\" rel=\"noopener\">Profesorado de Educaci\u00f3n Primaria &#8211; PEP<\/a><\/li>\n<li><a href=\"https:\/\/ens9003-infd.mendoza.edu.ar\/sitio\/profesorado-de-nivel-inicial\/\" target=\"_blank\" rel=\"noopener\">Profesorado de Educaci\u00f3n Inicial &#8211; PEI<\/a><\/li>\n<li><a href=\"https:\/\/ens9003-infd.mendoza.edu.ar\/sitio\/profesorado-de-educacion-especial\/\" target=\"_blank\" rel=\"noopener\">Profesorado de Educaci\u00f3n Especial &#8211; PEE<\/a><\/li>\n<li><a href=\"https:\/\/ens9003-infd.mendoza.edu.ar\/sitio\/profesorado-para-tecnicos\/\" target=\"_blank\" rel=\"noopener\">Profesorado de Educaci\u00f3n Secundaria de la Modalidad T\u00e9cnico Profesional en Concurrencia con el T\u00edtulo de Base &#8211; PROTEC<\/a><\/li>\n<\/ul>\n<p><strong>Tecnicaturas<\/strong><\/p>\n<ul>\n<li><a href=\"https:\/\/ens9003-infd.mendoza.edu.ar\/sitio\/tecnicatura-superior-en-acompanamiento-terapeutico\/\">Tecnicatura Superior en Acompa\u00f1amiento Terap\u00e9utico &#8211; AT<\/a>&nbsp;<a href=\"https:\/\/drive.google.com\/file\/d\/1CEYZepEu5NVqrj2d5_TmM6DPlfAF5Zc-\/view?usp=sharing\">(Resoluci\u00f3n<\/a> &#8211;&nbsp; &nbsp;<a href=\"https:\/\/drive.google.com\/file\/d\/1G8QMFMRh2jn_sR7oUmcSy9HGYhNSMOzn\/view?usp=sharing\">Anexo<\/a>)<\/li>\n<\/ul>\n<\/div>\n<\/div><\/div>\n","protected":false},"excerpt":{"rendered":"<p>Tecnicatura Superior en Comunicaci\u00f3n Digital Convergente (A DISTANCIA) Preguntas Frencuentes &#8211; Clic Aqu\u00edSi tu duda no est\u00e1 en las \u00abpreguntas frecuentes\u00ab, escribinos aqu\u00ed: educacionadistancia@ies9003.edu.ar Resoluci\u00f3n en v\u00edas de emisi\u00f3n &#8211; APROBADA con Validez Provincial y Nacional &#8211; Clic Aqu\u00ed INSCRIPCI\u00d3N &#8211; Clic Aqu\u00ed . Importante: Inscripciones CERRADAS por amplia cobertura de los cupos (06\/01\/2026) Profesorados &#8230; <a title=\"Carreras\" class=\"read-more\" href=\"https:\/\/ens9003-infd.mendoza.edu.ar\/sitio\/carreras\/\" aria-label=\"More on Carreras\">[+]<\/a><\/p>\n","protected":false},"author":7,"featured_media":0,"parent":0,"menu_order":0,"comment_status":"closed","ping_status":"closed","template":"","meta":[],"acf":[],"_links":{"self":[{"href":"https:\/\/ens9003-infd.mendoza.edu.ar\/sitio\/wp-json\/wp\/v2\/pages\/878"}],"collection":[{"href":"https:\/\/ens9003-infd.mendoza.edu.ar\/sitio\/wp-json\/wp\/v2\/pages"}],"about":[{"href":"https:\/\/ens9003-infd.mendoza.edu.ar\/sitio\/wp-json\/wp\/v2\/types\/page"}],"author":[{"embeddable":true,"href":"https:\/\/ens9003-infd.mendoza.edu.ar\/sitio\/wp-json\/wp\/v2\/users\/7"}],"replies":[{"embeddable":true,"href":"https:\/\/ens9003-infd.mendoza.edu.ar\/sitio\/wp-json\/wp\/v2\/comments?post=878"}],"version-history":[{"count":48,"href":"https:\/\/ens9003-infd.mendoza.edu.ar\/sitio\/wp-json\/wp\/v2\/pages\/878\/revisions"}],"predecessor-version":[{"id":5787,"href":"https:\/\/ens9003-infd.mendoza.edu.ar\/sitio\/wp-json\/wp\/v2\/pages\/878\/revisions\/5787"}],"wp:attachment":[{"href":"https:\/\/ens9003-infd.mendoza.edu.ar\/sitio\/wp-json\/wp\/v2\/media?parent=878"}],"curies":[{"name":"wp","href":"https:\/\/api.w.org\/{rel}","templated":true}]}}