{"id":882,"date":"2018-06-28T17:24:54","date_gmt":"2018-06-28T20:24:54","guid":{"rendered":"https:\/\/ens9003-mza.infd.edu.ar\/sitio\/netbook\/"},"modified":"2022-08-07T22:32:17","modified_gmt":"2022-08-08T01:32:17","slug":"netbook","status":"publish","type":"page","link":"https:\/\/ens9003-infd.mendoza.edu.ar\/sitio\/netbook\/","title":{"rendered":"Netbook"},"content":{"rendered":"<p style=\"text-align: center;\">\n<p><span style=\"font-size: 10pt;\"><img decoding=\"async\" loading=\"lazy\" class=\"aligncenter\" style=\"text-align: start;\" src=\"https:\/\/lh3.googleusercontent.com\/-4v858i6VEq0\/VlYVs0yATsI\/AAAAAAAACgA\/ZN5q0uAfGLw\/s620-Ic42\/netbook.jpg\" width=\"438\" height=\"350\" border=\"0\" \/><\/span><\/p>\n<p style=\"text-align: center;\"><span style=\"font-size: 10pt;\"><strong style=\"font-size: 10.6667px;\"><span style=\"color: #ff0000;\">IMPORTANTE:<\/span>\u00a0<\/strong>\u00a0para <strong>TODOS<\/strong> los Alumnos y Docentes\u00a0<strong><span style=\"color: #0000ff;\">con<\/span><span style=\"color: #0000ff;\"> netbook<\/span><\/strong><span style=\"color: #0000ff;\"><span style=\"color: #000000;\"> de <strong>TODOS<\/strong> los pro<\/span><\/span>fesorados:<\/span><\/p>\n<p style=\"text-align: center;\"><span style=\"font-size: 10pt;\">&#8212;&#8212;&#8212;-<\/span><\/p>\n<p style=\"text-align: center;\"><span style=\"font-size: 10pt;\">\u00a0<span style=\"color: #0000ff;\"><strong>BLOQUEO DE NETBOOK<\/strong><\/span><\/span><\/p>\n<p style=\"text-align: left;\"><span style=\"font-size: 10pt;\">Recuerde\u00a0<strong>conectar<\/strong> su<strong> netbook<\/strong> a un<strong> AP<\/strong>\u00a0diariamente, esto evitar\u00e1 el bloqueo de su netbook en per\u00edodo de clases o vacaciones.<\/span><\/p>\n<p><span style=\"color: #ff0000;\"><strong>Importante:<\/strong><\/span> la netbook que no guarda su fecha por problema de pila u otro defecto t\u00e9cnico se bloquea, aunque se le haya otorgado certificado definitivo (egresados).\u00a0 <span style=\"color: #ff0000;\"><em><strong>Antes de solicitar un nuevo el desbloqueo, la netbook debe ser reparada<\/strong><\/em>.<\/span><\/p>\n<p style=\"text-align: center;\"><span style=\"font-size: 10pt;\">&#8212;&#8212;&#8212;-<\/span><\/p>\n<p style=\"text-align: center;\"><span style=\"color: #0000ff; font-size: 10pt;\"><strong>EGRESADOS &#8211;&gt;<\/strong><strong>\u00a0INSTRUCTIVO NETBOOK<\/strong><\/span><\/p>\n<p><span style=\"font-size: 10pt;\">1)\u00a0<\/span><span style=\"font-size: 10pt;\">VERIFICAR LA COHORTE, SI EL TOTAL DE CURSADO SUPERA LOS 5 A\u00d1OS, DEVOLVER LA NETBOOK COMPLETA (CARGADOR, ANTENA, HOJA CLAVE OFFICE, MANUAL Y CAJA).<\/span><\/p>\n<p><span style=\"font-size: 10pt;\">2) SI EL TOTAL DE CURSADO ES IGUAL O MENOR A 5 A\u00d1OS, LLENAR 2 (DOS) COPIAS DEL FORMULARIO <strong>CONTRATO DE CESI\u00d3N PARA ALUMNOS DE INSTITUTOS<\/strong>\u00a0y LLEVAR LA NETBOOK PARA DESBLOQUEO DEFINITIVO.<\/span><\/p>\n<p style=\"text-align: center;\"><span style=\"font-size: 10pt; color: #0000ff;\"><strong><span style=\"text-decoration: underline;\">DOCUMENTACI\u00d3N PARA EL TR\u00c1MITE<\/span><\/strong><\/span><\/p>\n<ul>\n<li><strong><em>COMODATO ORIGINAL<\/em><\/strong><\/li>\n<li style=\"text-align: left;\"><span style=\"font-size: 10pt;\"><strong><em>TITULAR DE NETBOOK:<\/em><\/strong> DNI (ORIGINAL Y FOTOCOPIA)<\/span><\/li>\n<li style=\"text-align: left;\"><span style=\"font-size: 10pt;\"><strong><em>TERCEROS:<\/em><\/strong> DNI (ORIGINAL Y FOTOCOPIA) + AUTORIZACI\u00d3N ESCRITA<\/span><\/li>\n<li><a href=\"https:\/\/ens9003-infd.mendoza.edu.ar\/sitio\/contrato-de-cesion-para-alumnos-de-institutos-montoya\/\" target=\"_blank\" rel=\"noopener\">Contrato de cesi\u00f3n para alumnos de institutos<\/a><\/li>\n<\/ul>\n<p style=\"text-align: center;\"><span style=\"font-size: 10pt; background-color: #ffff00;\"><strong>NORMATIVA VIGENTE<\/strong><\/span><\/p>\n<p style=\"text-align: left;\"><a href=\"https:\/\/www.argentina.gob.ar\/educacion\/aprender-conectados\/conectar-igualdad\" target=\"_blank\" rel=\"noopener\"><span style=\"font-size: 10pt;\">Conectar Igualdad<\/span><\/a><\/p>\n<p style=\"text-align: left;\"><span style=\"font-size: 10pt;\">Consejo Federal de Educaci\u00f3n:\u00a0 <a href=\"https:\/\/ens9003-infd.mendoza.edu.ar\/sitio\/wp-content\/uploads\/2019\/05\/Resoluci\u00f3n-CFE-227-14.pdf\" target=\"_blank\" rel=\"noopener\">Resoluci\u00f3n 227\/14<\/a>\u00a0 &#8211;\u00a0 <a href=\"https:\/\/ens9003-infd.mendoza.edu.ar\/sitio\/wp-content\/uploads\/2019\/05\/Anexo-Resoluci\u00f3n-CFE-227-14_01.pdf\" target=\"_blank\" rel=\"noopener\">Anexo 01<\/a>\u00a0<\/span><\/p>\n","protected":false},"excerpt":{"rendered":"<p>IMPORTANTE:\u00a0\u00a0para TODOS los Alumnos y Docentes\u00a0con netbook de TODOS los profesorados: &#8212;&#8212;&#8212;- \u00a0BLOQUEO DE NETBOOK Recuerde\u00a0conectar su netbook a un AP\u00a0diariamente, esto evitar\u00e1 el bloqueo de su netbook en per\u00edodo de clases o vacaciones. Importante: la netbook que no guarda su fecha por problema de pila u otro defecto t\u00e9cnico se bloquea, aunque se le &#8230; <a title=\"Netbook\" class=\"read-more\" href=\"https:\/\/ens9003-infd.mendoza.edu.ar\/sitio\/netbook\/\" aria-label=\"More on Netbook\">[+]<\/a><\/p>\n","protected":false},"author":7,"featured_media":0,"parent":0,"menu_order":0,"comment_status":"closed","ping_status":"closed","template":"","meta":[],"acf":[],"_links":{"self":[{"href":"https:\/\/ens9003-infd.mendoza.edu.ar\/sitio\/wp-json\/wp\/v2\/pages\/882"}],"collection":[{"href":"https:\/\/ens9003-infd.mendoza.edu.ar\/sitio\/wp-json\/wp\/v2\/pages"}],"about":[{"href":"https:\/\/ens9003-infd.mendoza.edu.ar\/sitio\/wp-json\/wp\/v2\/types\/page"}],"author":[{"embeddable":true,"href":"https:\/\/ens9003-infd.mendoza.edu.ar\/sitio\/wp-json\/wp\/v2\/users\/7"}],"replies":[{"embeddable":true,"href":"https:\/\/ens9003-infd.mendoza.edu.ar\/sitio\/wp-json\/wp\/v2\/comments?post=882"}],"version-history":[{"count":16,"href":"https:\/\/ens9003-infd.mendoza.edu.ar\/sitio\/wp-json\/wp\/v2\/pages\/882\/revisions"}],"predecessor-version":[{"id":3685,"href":"https:\/\/ens9003-infd.mendoza.edu.ar\/sitio\/wp-json\/wp\/v2\/pages\/882\/revisions\/3685"}],"wp:attachment":[{"href":"https:\/\/ens9003-infd.mendoza.edu.ar\/sitio\/wp-json\/wp\/v2\/media?parent=882"}],"curies":[{"name":"wp","href":"https:\/\/api.w.org\/{rel}","templated":true}]}}