{"id":899,"date":"2018-06-28T17:25:00","date_gmt":"2018-06-28T20:25:00","guid":{"rendered":"https:\/\/ens9003-mza.infd.edu.ar\/sitio\/profesorado-de-educacion-primaria\/"},"modified":"2024-05-07T12:06:11","modified_gmt":"2024-05-07T15:06:11","slug":"profesorado-de-educacion-primaria","status":"publish","type":"page","link":"https:\/\/ens9003-infd.mendoza.edu.ar\/sitio\/profesorado-de-educacion-primaria\/","title":{"rendered":"Profesorado de Educaci\u00f3n Primaria"},"content":{"rendered":"<p style=\"text-align: right;\"><span style=\"color: #000000; background-color: #ffff00;\">______________________________________________________________________________________________________<\/span><\/p>\n<p style=\"text-align: center;\"><span style=\"text-decoration: underline;\"><span style=\"color: #000000; text-decoration: underline;\"><strong>Carrera:\u00a0<\/strong>Profesorado de Educaci\u00f3n Primaria<\/span><\/span><\/p>\n<p style=\"text-align: center;\"><span style=\"color: #000000;\"><strong>Duraci\u00f3n:<\/strong>\u00a04 a\u00f1os<\/span><\/p>\n<p style=\"text-align: center;\"><a href=\"https:\/\/drive.google.com\/drive\/folders\/1Lyd-xFnCXYV05Kj_2F4syIIUtUSz86X-?usp=sharing\" target=\"_blank\" rel=\"noopener\"><strong><span style=\"color: #000000;\">Resoluci\u00f3n N\u00ba\u00a07665-GDEMZA-DGE<\/span><\/strong><\/a><\/p>\n<p><span style=\"color: #000000; background-color: #ffff00;\">______________________________________________________________________________________________________<\/span><\/p>\n<p><strong>Documentos \u00fatiles<\/strong><\/p>\n<ul>\n<li><a href=\"https:\/\/ens9003-infd.mendoza.edu.ar\/sitio\/wp-content\/uploads\/2024\/04\/PEP-Profesorado-de-Educacion-Primaria-reducido-.pdf\" target=\"_blank\" rel=\"noopener\">Organizaci\u00f3n curricular -reducido-<\/a><\/li>\n<li>Plan en cierre &#8211;<a href=\"https:\/\/drive.google.com\/file\/d\/1JLLHNSJHVxfMiQvpwF1dFNhhMX0ETEtO\/view?usp=sharing\" target=\"_blank\" rel=\"noopener\">Resoluci\u00f3n N\u00b0 1191\/14<\/a>&#8211;<\/li>\n<\/ul>\n","protected":false},"excerpt":{"rendered":"<p>______________________________________________________________________________________________________ Carrera:\u00a0Profesorado de Educaci\u00f3n Primaria Duraci\u00f3n:\u00a04 a\u00f1os Resoluci\u00f3n N\u00ba\u00a07665-GDEMZA-DGE ______________________________________________________________________________________________________ Documentos \u00fatiles Organizaci\u00f3n curricular -reducido- Plan en cierre &#8211;Resoluci\u00f3n N\u00b0 1191\/14&#8211;<\/p>\n","protected":false},"author":7,"featured_media":0,"parent":0,"menu_order":0,"comment_status":"closed","ping_status":"closed","template":"","meta":[],"acf":[],"_links":{"self":[{"href":"https:\/\/ens9003-infd.mendoza.edu.ar\/sitio\/wp-json\/wp\/v2\/pages\/899"}],"collection":[{"href":"https:\/\/ens9003-infd.mendoza.edu.ar\/sitio\/wp-json\/wp\/v2\/pages"}],"about":[{"href":"https:\/\/ens9003-infd.mendoza.edu.ar\/sitio\/wp-json\/wp\/v2\/types\/page"}],"author":[{"embeddable":true,"href":"https:\/\/ens9003-infd.mendoza.edu.ar\/sitio\/wp-json\/wp\/v2\/users\/7"}],"replies":[{"embeddable":true,"href":"https:\/\/ens9003-infd.mendoza.edu.ar\/sitio\/wp-json\/wp\/v2\/comments?post=899"}],"version-history":[{"count":8,"href":"https:\/\/ens9003-infd.mendoza.edu.ar\/sitio\/wp-json\/wp\/v2\/pages\/899\/revisions"}],"predecessor-version":[{"id":4966,"href":"https:\/\/ens9003-infd.mendoza.edu.ar\/sitio\/wp-json\/wp\/v2\/pages\/899\/revisions\/4966"}],"wp:attachment":[{"href":"https:\/\/ens9003-infd.mendoza.edu.ar\/sitio\/wp-json\/wp\/v2\/media?parent=899"}],"curies":[{"name":"wp","href":"https:\/\/api.w.org\/{rel}","templated":true}]}}