{"id":901,"date":"2018-06-28T17:25:01","date_gmt":"2018-06-28T20:25:01","guid":{"rendered":"https:\/\/ens9003-mza.infd.edu.ar\/sitio\/profesorado-de-nivel-inicial\/"},"modified":"2024-05-07T12:07:40","modified_gmt":"2024-05-07T15:07:40","slug":"profesorado-de-nivel-inicial","status":"publish","type":"page","link":"https:\/\/ens9003-infd.mendoza.edu.ar\/sitio\/profesorado-de-nivel-inicial\/","title":{"rendered":"Profesorado de Educaci\u00f3n Inicial"},"content":{"rendered":"<p style=\"text-align: right;\"><span style=\"color: #ffffff; background-color: #ff99cc;\">______________________________________________________________________________________________________<\/span><\/p>\n<p style=\"text-align: center;\"><strong>Carrera:<\/strong>\u00a0Profesorado de Educaci\u00f3n Inicial<\/p>\n<p style=\"text-align: center;\"><strong>Duraci\u00f3n:<\/strong>\u00a04 a\u00f1os<\/p>\n<p style=\"text-align: center;\"><strong><a href=\"https:\/\/drive.google.com\/drive\/folders\/1H1JdbEaVr2VgKmpxCT0FsMfmkYgvQRta\" target=\"_blank\" rel=\"noopener\">Resoluci\u00f3n N\u00b0 6867-GDEMZA-DGE<\/a>\u00a0<\/strong><\/p>\n<p style=\"text-align: left;\"><span style=\"background-color: #ff99cc; color: #ffffff;\">______________________________________________________________________________________________________<\/span><\/p>\n<p><strong>Documentos \u00fatiles<\/strong><\/p>\n<ul>\n<li><a href=\"https:\/\/ens9003-infd.mendoza.edu.ar\/sitio\/wp-content\/uploads\/2024\/04\/PEI-Profesorado-de-Educacion-Inicial-reducido-.pdf\" target=\"_blank\" rel=\"noopener\">Organizaci\u00f3n curricular -reducido-<\/a><\/li>\n<li>Plan en cierre &#8211;<a href=\"https:\/\/drive.google.com\/file\/d\/1SUNHX9QXX13pC0n5Ig9g5QaEelm7u1Cm\/view?usp=sharing\" target=\"_blank\" rel=\"noopener\">Resoluci\u00f3n N\u00b0 1929\/14<\/a>&#8211;<\/li>\n<\/ul>\n","protected":false},"excerpt":{"rendered":"<p>______________________________________________________________________________________________________ Carrera:\u00a0Profesorado de Educaci\u00f3n Inicial Duraci\u00f3n:\u00a04 a\u00f1os Resoluci\u00f3n N\u00b0 6867-GDEMZA-DGE\u00a0 ______________________________________________________________________________________________________ Documentos \u00fatiles Organizaci\u00f3n curricular -reducido- Plan en cierre &#8211;Resoluci\u00f3n N\u00b0 1929\/14&#8211;<\/p>\n","protected":false},"author":7,"featured_media":0,"parent":0,"menu_order":0,"comment_status":"closed","ping_status":"closed","template":"","meta":[],"acf":[],"_links":{"self":[{"href":"https:\/\/ens9003-infd.mendoza.edu.ar\/sitio\/wp-json\/wp\/v2\/pages\/901"}],"collection":[{"href":"https:\/\/ens9003-infd.mendoza.edu.ar\/sitio\/wp-json\/wp\/v2\/pages"}],"about":[{"href":"https:\/\/ens9003-infd.mendoza.edu.ar\/sitio\/wp-json\/wp\/v2\/types\/page"}],"author":[{"embeddable":true,"href":"https:\/\/ens9003-infd.mendoza.edu.ar\/sitio\/wp-json\/wp\/v2\/users\/7"}],"replies":[{"embeddable":true,"href":"https:\/\/ens9003-infd.mendoza.edu.ar\/sitio\/wp-json\/wp\/v2\/comments?post=901"}],"version-history":[{"count":6,"href":"https:\/\/ens9003-infd.mendoza.edu.ar\/sitio\/wp-json\/wp\/v2\/pages\/901\/revisions"}],"predecessor-version":[{"id":4968,"href":"https:\/\/ens9003-infd.mendoza.edu.ar\/sitio\/wp-json\/wp\/v2\/pages\/901\/revisions\/4968"}],"wp:attachment":[{"href":"https:\/\/ens9003-infd.mendoza.edu.ar\/sitio\/wp-json\/wp\/v2\/media?parent=901"}],"curies":[{"name":"wp","href":"https:\/\/api.w.org\/{rel}","templated":true}]}}