{"id":904,"date":"2018-06-28T17:25:02","date_gmt":"2018-06-28T20:25:02","guid":{"rendered":"https:\/\/ens9003-mza.infd.edu.ar\/sitio\/autoridades\/"},"modified":"2025-11-13T19:14:11","modified_gmt":"2025-11-13T22:14:11","slug":"autoridades","status":"publish","type":"page","link":"https:\/\/ens9003-infd.mendoza.edu.ar\/sitio\/autoridades\/","title":{"rendered":"Autoridades"},"content":{"rendered":"<p style=\"text-align: center;\"><span style=\"color: #0000ff;\"><strong>ORGANIZACI\u00d3N ACAD\u00c9MICA &#8211; N\u00d3MINA DE AUTORIDADES<\/strong><\/span><\/p>\n<p class=\"Texto_arial\" style=\"text-align: left;\"><strong>Rector<\/strong><\/p>\n<ul>\n<li>Prof. H\u00e9ctor Luis Garro de la Hoz<\/li>\n<\/ul>\n<p><strong>Directora<\/strong><\/p>\n<ul>\n<li>Prof. Paola Gisela Cinca<\/li>\n<\/ul>\n<p><strong>Regente de Estudios<\/strong><\/p>\n<ul>\n<li>Prof. Paola Daniela Arrighi<\/li>\n<\/ul>\n<p><strong>Jefe del Departamento de Formaci\u00f3n Inicial<\/strong><\/p>\n<ul>\n<li>Prof. Laura Garc\u00eda<\/li>\n<\/ul>\n<p><strong>Jefe del Departamento de Investigaci\u00f3n, Promoci\u00f3n y Desarrollo<\/strong><\/p>\n<ul>\n<li>Prof. Cecilia Mu\u00f1oz<\/li>\n<\/ul>\n<p><strong style=\"font-size: revert;\">Jefe del Departamento de Capacitaci\u00f3n, Actualizaci\u00f3n y Perfeccionamiento<\/strong><\/p>\n<ul>\n<li>Prof. Olga Vanesa Bessone<\/li>\n<\/ul>\n<p><strong>Secretaria de Nivel Superior<\/strong><\/p>\n<ul>\n<li>Prof. Graciela Carina Arenas<\/li>\n<\/ul>\n<p><strong>Prosecretaria<\/strong><\/p>\n<ul>\n<li>Prof. Marianela Bel\u00e9n Rodriguez<\/li>\n<\/ul>\n<p><strong>Secretario de Alumnos<\/strong><\/p>\n<ul>\n<li>Prof. Luis Fabi\u00e1n P\u00e1ez<span style=\"color: #000000; font-family: arial, helvetica, sans-serif; font-size: 10pt;\">\u00a0<\/span><\/li>\n<\/ul>\n<hr \/>\n<p style=\"text-align: center;\"><strong><span style=\"color: #0000ff;\">COORDINADORES DE CARRERAS Y POST\u00cdTULOS<\/span><\/strong><\/p>\n<p><strong>Profesorado de Educaci\u00f3n Primaria<\/strong><\/p>\n<ul>\n<li>Prof. Sonia Magdalena Almuna<\/li>\n<\/ul>\n<p><strong>Profesorado de Educaci\u00f3n Inicial<\/strong><\/p>\n<ul>\n<li>Prof. Valeria Paola Mart\u00edn<\/li>\n<\/ul>\n<p><strong>Profesorado de Educaci\u00f3n Especial en Capacidades Cognitivas Diferentes<\/strong><\/p>\n<ul>\n<li>Prof. Mar\u00eda Valeria Mattevi<\/li>\n<\/ul>\n<p><strong>Profesorado para T\u00e9cnicos<\/strong><\/p>\n<ul>\n<li>Prof. Franco Mart\u00edn Galdame<\/li>\n<\/ul>\n<p><strong>Tecnicatura Superior en Locuci\u00f3n de Radio y Televisi\u00f3n<\/strong><\/p>\n<ul>\n<li>Prof. Paula Cristina Garc\u00eda<\/li>\n<\/ul>\n<p><strong>Tecnicatura en Acompa\u00f1ante Terap\u00e9utico<\/strong><\/p>\n<ul>\n<li>Prof.Claudio GabrielSalas<\/li>\n<\/ul>\n<p><strong>Pr\u00e1ctica Profesionalizante<\/strong><\/p>\n<ul>\n<li>Prof. Claudio Gabriel Salas<\/li>\n<\/ul>\n<p><strong>Post\u00edtulos<\/strong><\/p>\n<ul>\n<li>Prof. Marisol Mart\u00ednez<\/li>\n<\/ul>\n<hr \/>\n<p style=\"text-align: center;\"><span style=\"color: #0000ff;\"><strong>CONSEJO DIRECTIVO<\/strong><\/span><\/p>\n<p style=\"text-align: left;\"><strong>Rector<\/strong><\/p>\n<ul>\n<li style=\"text-align: left;\">Prof. H\u00e9ctor Luis Garro de la Hoz<\/li>\n<\/ul>\n<p><strong>Claustro Docentes<\/strong><\/p>\n<p><em>Titulares<\/em><\/p>\n<ul>\n<li>Mariela Lis Estrella<\/li>\n<li>Mericia Elizzabeth Maya<\/li>\n<li>Alicia M\u00f3nica Moyano<\/li>\n<li>Sandra del Carmen Mesa<\/li>\n<li>Viviana Balacco<\/li>\n<\/ul>\n<p><em>Suplentes<\/em><\/p>\n<ul>\n<li>Rub\u00e9n Omar Atencio<\/li>\n<li>Melina Martin<\/li>\n<li>Cecilia Ver\u00f3nica Coletta<\/li>\n<li>Mericia Maya<\/li>\n<li>Eduardo Rodr\u00edguez<\/li>\n<\/ul>\n<p><strong>Claustro Estudiantes<\/strong><\/p>\n<ul>\n<li>Araceli Maldonado<\/li>\n<li>Magal\u00ed Balanza<\/li>\n<li>Marcel Agustina Reyes Gonz\u00e1lez<\/li>\n<\/ul>\n<p><strong>Claustro Egresados<\/strong><\/p>\n<ul>\n<li>Marcos Maldonado<\/li>\n<\/ul>\n<p><strong>Claustro No docentes<\/strong><\/p>\n<ul>\n<li>Jos\u00e9 Marcos Ballarini<\/li>\n<\/ul>\n<p><strong>Secretaria<\/strong><\/p>\n<ul>\n<li>Prof. Graciela Carina Arenas<\/li>\n<\/ul>\n<hr \/>\n<p style=\"text-align: center;\"><span style=\"color: #0000ff;\"><strong>CONSEJO ACAD\u00c9MICO<\/strong><\/span><\/p>\n<p><strong>Directora<\/strong><\/p>\n<ul>\n<li><span style=\"font-size: inherit;\">Prof. Paola Gisela Cinca<\/span><\/li>\n<\/ul>\n<p><strong>Regencia &#8211; Jefaturas &#8211; Coordinaciones<\/strong><\/p>\n<ul>\n<li>Prof. Paola Daniela Arrighi<\/li>\n<li>Prof. Valeria Paola Mart\u00edn<\/li>\n<li style=\"text-align: left;\">Prof. Mar\u00eda Valeria Mattevi\u00a0<\/li>\n<li>Prof. Laura Cristina Garc\u00eda<\/li>\n<li>Prof. Paula Cristina Garc\u00eda<\/li>\n<li>Prof. Olga Vanesa Bessone<\/li>\n<li>Prof. Cecilia Mu\u00f1oz<\/li>\n<li>Prof. Marisol Mart\u00ednez<\/li>\n<li>Pof. Franco Mart\u00edn Galdame<\/li>\n<li>Prof. Claudio Gabriel Salas<\/li>\n<\/ul>\n<p style=\"text-align: left;\"><strong>Secretaria<\/strong><\/p>\n<ul>\n<li style=\"text-align: left;\">Prof. Marianela Bel\u00e9n Rodriguez<\/li>\n<\/ul>\n\n\n<p><\/p>\n","protected":false},"excerpt":{"rendered":"<p>ORGANIZACI\u00d3N ACAD\u00c9MICA &#8211; N\u00d3MINA DE AUTORIDADES Rector Prof. H\u00e9ctor Luis Garro de la Hoz Directora Prof. Paola Gisela Cinca Regente de Estudios Prof. Paola Daniela Arrighi Jefe del Departamento de Formaci\u00f3n Inicial Prof. Laura Garc\u00eda Jefe del Departamento de Investigaci\u00f3n, Promoci\u00f3n y Desarrollo Prof. Cecilia Mu\u00f1oz Jefe del Departamento de Capacitaci\u00f3n, Actualizaci\u00f3n y Perfeccionamiento Prof. &#8230; <a title=\"Autoridades\" class=\"read-more\" href=\"https:\/\/ens9003-infd.mendoza.edu.ar\/sitio\/autoridades\/\" aria-label=\"More on Autoridades\">[+]<\/a><\/p>\n","protected":false},"author":7,"featured_media":0,"parent":0,"menu_order":0,"comment_status":"closed","ping_status":"closed","template":"","meta":[],"acf":[],"_links":{"self":[{"href":"https:\/\/ens9003-infd.mendoza.edu.ar\/sitio\/wp-json\/wp\/v2\/pages\/904"}],"collection":[{"href":"https:\/\/ens9003-infd.mendoza.edu.ar\/sitio\/wp-json\/wp\/v2\/pages"}],"about":[{"href":"https:\/\/ens9003-infd.mendoza.edu.ar\/sitio\/wp-json\/wp\/v2\/types\/page"}],"author":[{"embeddable":true,"href":"https:\/\/ens9003-infd.mendoza.edu.ar\/sitio\/wp-json\/wp\/v2\/users\/7"}],"replies":[{"embeddable":true,"href":"https:\/\/ens9003-infd.mendoza.edu.ar\/sitio\/wp-json\/wp\/v2\/comments?post=904"}],"version-history":[{"count":36,"href":"https:\/\/ens9003-infd.mendoza.edu.ar\/sitio\/wp-json\/wp\/v2\/pages\/904\/revisions"}],"predecessor-version":[{"id":5705,"href":"https:\/\/ens9003-infd.mendoza.edu.ar\/sitio\/wp-json\/wp\/v2\/pages\/904\/revisions\/5705"}],"wp:attachment":[{"href":"https:\/\/ens9003-infd.mendoza.edu.ar\/sitio\/wp-json\/wp\/v2\/media?parent=904"}],"curies":[{"name":"wp","href":"https:\/\/api.w.org\/{rel}","templated":true}]}}