{"id":913,"date":"2018-06-28T17:25:06","date_gmt":"2018-06-28T20:25:06","guid":{"rendered":"https:\/\/ens9003-mza.infd.edu.ar\/sitio\/profesorado-de-educacion-especial\/"},"modified":"2024-05-07T12:10:21","modified_gmt":"2024-05-07T15:10:21","slug":"profesorado-de-educacion-especial","status":"publish","type":"page","link":"https:\/\/ens9003-infd.mendoza.edu.ar\/sitio\/profesorado-de-educacion-especial\/","title":{"rendered":"Profesorado de Educaci\u00f3n Especial"},"content":{"rendered":"<p style=\"text-align: right;\"><span style=\"background-color: #08f689; color: #ffffff;\">______________________________________________________________________________________________________<\/span><\/p>\n<p style=\"text-align: center;\"><strong>Carrera:<\/strong>\u00a0Profesorado de Educaci\u00f3n Especial con Orientaci\u00f3n en Discapacidad Intelectual<\/p>\n<p style=\"text-align: center;\"><strong>Duraci\u00f3n:<\/strong>\u00a04 a\u00f1os<\/p>\n<p style=\"text-align: center;\"><a href=\"https:\/\/drive.google.com\/drive\/folders\/1tCTar0MANUMirTKdkCGMuivOd6rH744F\" target=\"_blank\" rel=\"noopener\"><strong>Resoluci\u00f3n N\u00b0 6866-GDEMZA-DGE<\/strong><\/a><\/p>\n<p style=\"text-align: left;\"><span style=\"background-color: #08f689; color: #ffffff;\">______________________________________________________________________________________________________<\/span><\/p>\n<ul>\n<li><strong>Documentos \u00fatiles<\/strong>\n<ul>\n<li><a href=\"https:\/\/ens9003-infd.mendoza.edu.ar\/sitio\/wp-content\/uploads\/2024\/04\/PEE-Profesorado-de-Educacion-Especial-con-Orientacion-en-Discapacidad-Intelectual-reducido-.pdf\" target=\"_blank\" rel=\"noopener\">Organizaci\u00f3n curricular -reducido-<\/a><\/li>\n<li>Plan en cierre &#8211;<a href=\"https:\/\/drive.google.com\/file\/d\/1wIVBWFXF8oyMIHDtHsOkvJBuu29dCk0y\/view?usp=sharing\" target=\"_blank\" rel=\"noopener\">Resoluci\u00f3n N\u00b0 0653\/11<\/a>&#8211;<\/li>\n<\/ul>\n<\/li>\n<\/ul>\n","protected":false},"excerpt":{"rendered":"<p>______________________________________________________________________________________________________ Carrera:\u00a0Profesorado de Educaci\u00f3n Especial con Orientaci\u00f3n en Discapacidad Intelectual Duraci\u00f3n:\u00a04 a\u00f1os Resoluci\u00f3n N\u00b0 6866-GDEMZA-DGE ______________________________________________________________________________________________________ Documentos \u00fatiles Organizaci\u00f3n curricular -reducido- Plan en cierre &#8211;Resoluci\u00f3n N\u00b0 0653\/11&#8211;<\/p>\n","protected":false},"author":7,"featured_media":0,"parent":0,"menu_order":0,"comment_status":"closed","ping_status":"closed","template":"","meta":[],"acf":[],"_links":{"self":[{"href":"https:\/\/ens9003-infd.mendoza.edu.ar\/sitio\/wp-json\/wp\/v2\/pages\/913"}],"collection":[{"href":"https:\/\/ens9003-infd.mendoza.edu.ar\/sitio\/wp-json\/wp\/v2\/pages"}],"about":[{"href":"https:\/\/ens9003-infd.mendoza.edu.ar\/sitio\/wp-json\/wp\/v2\/types\/page"}],"author":[{"embeddable":true,"href":"https:\/\/ens9003-infd.mendoza.edu.ar\/sitio\/wp-json\/wp\/v2\/users\/7"}],"replies":[{"embeddable":true,"href":"https:\/\/ens9003-infd.mendoza.edu.ar\/sitio\/wp-json\/wp\/v2\/comments?post=913"}],"version-history":[{"count":5,"href":"https:\/\/ens9003-infd.mendoza.edu.ar\/sitio\/wp-json\/wp\/v2\/pages\/913\/revisions"}],"predecessor-version":[{"id":4970,"href":"https:\/\/ens9003-infd.mendoza.edu.ar\/sitio\/wp-json\/wp\/v2\/pages\/913\/revisions\/4970"}],"wp:attachment":[{"href":"https:\/\/ens9003-infd.mendoza.edu.ar\/sitio\/wp-json\/wp\/v2\/media?parent=913"}],"curies":[{"name":"wp","href":"https:\/\/api.w.org\/{rel}","templated":true}]}}