{"id":925,"date":"2018-06-28T17:25:10","date_gmt":"2018-06-28T20:25:10","guid":{"rendered":"https:\/\/ens9003-mza.infd.edu.ar\/sitio\/tecnicatura-superior-en-locucion-de-radio-y-television\/"},"modified":"2026-05-08T20:48:43","modified_gmt":"2026-05-08T23:48:43","slug":"tecnicatura-superior-en-locucion-de-radio-y-television","status":"publish","type":"page","link":"https:\/\/ens9003-infd.mendoza.edu.ar\/sitio\/tecnicatura-superior-en-locucion-de-radio-y-television\/","title":{"rendered":"Tecnicatura Superior en Locuci\u00f3n de Radio y Televisi\u00f3n"},"content":{"rendered":"<p style=\"text-align: right;\"><span style=\"background-color: #c0c0c0; color: #ffffff;\">______________________________________________________________________________________________________<\/span><\/p>\n<p style=\"text-align: center;\"><strong>Carrera:<\/strong>\u00a0Tecnicatura Superior en Locuci\u00f3n de Radio y Televisi\u00f3n.<\/p>\n<p style=\"text-align: center;\"><strong>Duraci\u00f3n:<\/strong> 3 a\u00f1os<\/p>\n<p style=\"text-align: center;\"><strong>Resoluci\u00f3n N\u00b0 2104-DGE-10<\/strong><\/p>\n<p style=\"text-align: left;\"><span style=\"background-color: #c0c0c0; color: #ffffff;\">______________________________________________________________________________________________________<\/span><\/p>\n<p style=\"text-align: left;\"><strong>Documentos \u00fatiles<\/strong><\/p>\n<ul>\n<li><a title=\"Dise\u00f1o curricular - descriptores - Locuci\u00f3n\" href=\"upload\/Disenio_curricular_locucion.pdf\" target=\"_blank\" rel=\"noopener\">Dise\u00f1o curricular &#8211; descriptores<\/a><\/li>\n<\/ul>\n<table style=\"width: 100%;\" border=\"1\" cellspacing=\"0\" cellpadding=\"0\">\n<tbody>\n<tr>\n<td colspan=\"8\" width=\"100%\"><strong>\u00a0<\/strong><\/p>\n<p style=\"text-align: center;\"><strong><span style=\"color: #0000ff;\">PRIMER A\u00d1O<\/span><\/strong><\/p>\n<p>\u00a0<strong>\u00a0<\/strong><\/td>\n<\/tr>\n<tr>\n<td colspan=\"4\" width=\"48%\">\n<p style=\"text-align: center;\"><strong>PRIMER CUATRIMESTRE<\/strong><\/p>\n<\/td>\n<td colspan=\"4\" width=\"51%\">\n<p style=\"text-align: center;\"><strong>SEGUNDO CUATRIMESTRE<\/strong><\/p>\n<\/td>\n<\/tr>\n<tr>\n<td width=\"33%\"><strong>Espacio Curricular<\/strong><\/td>\n<td width=\"5%\"><strong>Formato<\/strong><\/td>\n<td width=\"5%\"><strong>Hs.<\/strong><\/p>\n<p><strong>Sema-nales<\/strong><\/td>\n<td width=\"3%\"><strong>Hs. Anuales<\/strong><\/td>\n<td width=\"33%\"><strong>Espacio Curricula<\/strong><strong>r<\/strong><\/td>\n<td width=\"5%\"><strong>Formato<\/strong><\/td>\n<td width=\"5%\"><strong>Hs.<\/strong><\/p>\n<p><strong>Sema-nales<\/strong><\/td>\n<td width=\"7%\"><strong>Hs. Anuales<\/strong><\/td>\n<\/tr>\n<tr>\n<td width=\"33%\">1. Locuci\u00f3n I<\/td>\n<td width=\"5%\">\n<p style=\"text-align: left;\">T<\/p>\n<\/td>\n<td width=\"5%\">\n<p style=\"text-align: left;\">6<\/p>\n<\/td>\n<td width=\"3%\">\n<p style=\"text-align: left;\">&#8211;<\/p>\n<\/td>\n<td width=\"33%\">1. Locuci\u00f3n I<\/td>\n<td width=\"5%\">\n<p style=\"text-align: left;\">T<\/p>\n<\/td>\n<td width=\"5%\">\n<p style=\"text-align: left;\">6<\/p>\n<\/td>\n<td width=\"7%\">\n<p style=\"text-align: center;\">180<\/p>\n<\/td>\n<\/tr>\n<tr>\n<td width=\"33%\">2. Foniatr\u00eda I<\/td>\n<td width=\"5%\">T\/M<\/td>\n<td width=\"5%\">6<\/td>\n<td width=\"3%\">&#8211;<\/td>\n<td width=\"33%\">2. Foniatr\u00eda I<\/td>\n<td width=\"5%\">T\/M<\/td>\n<td width=\"5%\">6<\/td>\n<td width=\"7%\">180<\/td>\n<\/tr>\n<tr>\n<td width=\"33%\">3. Pr\u00e1ctica Integral de Radio I<\/td>\n<td width=\"5%\">T<\/td>\n<td width=\"5%\">4<\/td>\n<td width=\"3%\">&#8211;<\/td>\n<td width=\"33%\">3. Pr\u00e1ctica Integral de Radio I<\/td>\n<td width=\"5%\">T<\/td>\n<td width=\"5%\">4<\/td>\n<td width=\"7%\">120<\/td>\n<\/tr>\n<tr>\n<td width=\"33%\">4. Pr\u00e1ctica Integral de Televisi\u00f3n I<\/td>\n<td width=\"5%\">T<\/td>\n<td width=\"5%\">4<\/td>\n<td width=\"3%\">&#8211;<\/td>\n<td width=\"33%\">4. Pr\u00e1ctica Integral de Televisi\u00f3n I<\/td>\n<td width=\"5%\">T<\/td>\n<td width=\"5%\">4<\/td>\n<td width=\"7%\">120<\/td>\n<\/tr>\n<tr>\n<td width=\"33%\">5. Historia I<\/td>\n<td width=\"5%\">A<\/td>\n<td width=\"5%\">2<\/td>\n<td width=\"3%\">&#8211;<\/td>\n<td width=\"33%\">5. Historia I<\/td>\n<td width=\"5%\">A<\/td>\n<td width=\"5%\">2<\/td>\n<td width=\"7%\">60<\/td>\n<\/tr>\n<tr>\n<td width=\"33%\">6. Tecnolog\u00eda I<\/td>\n<td width=\"5%\">M<\/td>\n<td width=\"5%\">2<\/td>\n<td width=\"3%\">30<\/td>\n<td width=\"33%\">7. Inform\u00e1tica<\/td>\n<td width=\"5%\">L<\/td>\n<td width=\"5%\">2<\/td>\n<td width=\"7%\">30<\/td>\n<\/tr>\n<tr>\n<td width=\"33%\">8. Teor\u00edas de la comunicaci\u00f3n<\/td>\n<td width=\"5%\">A<\/td>\n<td width=\"5%\">2<\/td>\n<td width=\"3%\">&#8211;<\/td>\n<td width=\"33%\">8. Teor\u00edas de la comunicaci\u00f3n<\/td>\n<td width=\"5%\">A<\/td>\n<td width=\"5%\">2<\/td>\n<td width=\"7%\">60<\/td>\n<\/tr>\n<tr>\n<td width=\"33%\">9. Expresi\u00f3n oral y escrita<\/td>\n<td width=\"5%\">M<\/td>\n<td width=\"5%\">2<\/td>\n<td width=\"3%\">&#8211;<\/td>\n<td width=\"33%\">9. Expresi\u00f3n Oral y escrita<\/td>\n<td width=\"5%\">M<\/td>\n<td width=\"5%\">2<\/td>\n<td width=\"7%\">60<\/td>\n<\/tr>\n<tr>\n<td width=\"33%\">10. Pronunciaci\u00f3n del Franc\u00e9s<\/td>\n<td width=\"5%\">A<\/td>\n<td width=\"5%\">2<\/td>\n<td width=\"3%\">30<\/td>\n<td width=\"33%\">11.Pronunciaci\u00f3n del Alem\u00e1n<\/td>\n<td width=\"5%\">A<\/td>\n<td width=\"5%\">2<\/td>\n<td width=\"7%\">30<\/td>\n<\/tr>\n<tr>\n<td width=\"33%\">12. M\u00fasica<\/td>\n<td width=\"5%\">A<\/td>\n<td width=\"5%\">2<\/td>\n<td width=\"3%\">&#8211;<\/td>\n<td width=\"33%\">12. M\u00fasica<\/td>\n<td width=\"5%\">A<\/td>\n<td width=\"5%\">2<\/td>\n<td width=\"7%\">60<\/td>\n<\/tr>\n<tr>\n<td width=\"33%\">13. Expresi\u00f3n Corporal<\/td>\n<td width=\"5%\">T<\/td>\n<td width=\"5%\">2<\/td>\n<td width=\"3%\">&#8211;<\/td>\n<td width=\"33%\">13. Expresi\u00f3n corporal<\/td>\n<td width=\"5%\">T<\/td>\n<td width=\"5%\">2<\/td>\n<td width=\"7%\">60<\/td>\n<\/tr>\n<tr>\n<td colspan=\"6\" width=\"86%\">\n<p style=\"text-align: right;\"><strong>TOTAL DE HORAS C\u00c1TEDRA DE PRIMER A\u00d1O\u00a0\u00a0\u00a0\u00a0\u00a0\u00a0\u00a0\u00a0\u00a0\u00a0\u00a0\u00a0\u00a0\u00a0\u00a0\u00a0\u00a0\u00a0\u00a0\u00a0\u00a0\u00a0\u00a0\u00a0\u00a0\u00a0\u00a0\u00a0\u00a0\u00a0\u00a0\u00a0\u00a0\u00a0\u00a0\u00a0\u00a0\u00a0\u00a0\u00a0\u00a0\u00a0\u00a0\u00a0\u00a0\u00a0\u00a0 \u00a0\u00a0\u00a0\u00a0\u00a0\u00a0\u00a0\u00a0\u00a0\u00a0\u00a0\u00a0\u00a0\u00a0\u00a0\u00a0\u00a0\u00a0\u00a0\u00a0\u00a0\u00a0\u00a0\u00a0\u00a0\u00a0\u00a0\u00a0\u00a0\u00a0\u00a0\u00a0\u00a0\u00a0\u00a0\u00a0\u00a0\u00a0\u00a0\u00a0\u00a0\u00a0<\/strong><\/p>\n<\/td>\n<td colspan=\"2\" width=\"13%\">1020<\/td>\n<\/tr>\n<\/tbody>\n<\/table>\n<table style=\"width: 100%;\" border=\"1\" cellspacing=\"0\" cellpadding=\"0\">\n<tbody>\n<tr>\n<td colspan=\"8\" width=\"100%\"><strong>\u00a0<\/strong><\/p>\n<p style=\"text-align: center;\"><strong><span style=\"color: #0000ff;\">SEGUNDO A\u00d1O<\/span><\/strong><\/p>\n<\/td>\n<\/tr>\n<tr>\n<td colspan=\"4\" width=\"52%\">\n<p style=\"text-align: center;\"><strong>PRIMER CUATRIMESTRE<\/strong><\/p>\n<\/td>\n<td colspan=\"4\" width=\"47%\">\n<p style=\"text-align: center;\"><strong>SEGUNDO CUATRIMESTRE<\/strong><\/p>\n<\/td>\n<\/tr>\n<tr>\n<td width=\"38%\"><strong>Espacio Curricular<\/strong><\/td>\n<td width=\"5%\"><strong>For-mato<\/strong><\/td>\n<td width=\"5%\"><strong>Hs.<\/strong><\/p>\n<p><strong>Semanales<\/strong><\/td>\n<td width=\"3%\"><strong>Hs. Anuales<\/strong><\/td>\n<td width=\"31%\"><strong>Espacio Curricular<\/strong><\/td>\n<td width=\"5%\"><strong>For-mato<\/strong><\/td>\n<td width=\"5%\"><strong>Hs.<\/strong><\/p>\n<p><strong>Semanales<\/strong><\/td>\n<td width=\"5%\"><strong>Hs. Anuales<\/strong><\/td>\n<\/tr>\n<tr>\n<td width=\"38%\">14. Locuci\u00f3n II<\/td>\n<td width=\"5%\">T<\/td>\n<td width=\"5%\">6<\/td>\n<td width=\"3%\">&#8211;<\/td>\n<td width=\"31%\">14. Locuci\u00f3n II<\/td>\n<td width=\"5%\">T<\/td>\n<td width=\"5%\">6<\/td>\n<td width=\"5%\">180<\/td>\n<\/tr>\n<tr>\n<td width=\"38%\">15. Foniatr\u00eda II<\/td>\n<td width=\"5%\">T\/M<\/td>\n<td width=\"5%\">2<\/td>\n<td width=\"3%\">&#8211;<\/td>\n<td width=\"31%\">15. Foniatr\u00eda II<\/td>\n<td width=\"5%\">T\/M<\/td>\n<td width=\"5%\">2<\/td>\n<td width=\"5%\">60<\/td>\n<\/tr>\n<tr>\n<td width=\"38%\">16. Pr\u00e1ctica Integral de Radio II<\/td>\n<td width=\"5%\">T<\/td>\n<td width=\"5%\">4<\/td>\n<td width=\"3%\">&#8211;<\/td>\n<td width=\"31%\">16. Pr\u00e1ctica Integral de Radio II<\/td>\n<td width=\"5%\">T<\/td>\n<td width=\"5%\">4<\/td>\n<td width=\"5%\">120<\/td>\n<\/tr>\n<tr>\n<td width=\"38%\">17. Pr\u00e1ctica Integral de Televisi\u00f3n II<\/td>\n<td width=\"5%\">T<\/td>\n<td width=\"5%\">4<\/td>\n<td width=\"3%\">&#8211;<\/td>\n<td width=\"31%\">17. Pr\u00e1ctica Integral de Televisi\u00f3n II<\/td>\n<td width=\"5%\">T<\/td>\n<td width=\"5%\">4<\/td>\n<td width=\"5%\">120<\/td>\n<\/tr>\n<tr>\n<td width=\"38%\">18. Historia II<\/td>\n<td width=\"5%\">A<\/td>\n<td width=\"5%\">2<\/td>\n<td width=\"3%\">30<\/td>\n<td width=\"31%\">19. Pronunciaci\u00f3n del Italiano<\/td>\n<td width=\"5%\">A<\/td>\n<td width=\"5%\">2<\/td>\n<td width=\"5%\">30<\/td>\n<\/tr>\n<tr>\n<td width=\"38%\">\u00a020. Principios de\u00a0 Est\u00e9tica e Historia del Arte<\/td>\n<td width=\"5%\">A<\/td>\n<td width=\"5%\">2<\/td>\n<td width=\"3%\">30<\/td>\n<td width=\"31%\">21. Publicidad<\/td>\n<td width=\"5%\">A<\/td>\n<td width=\"5%\">2<\/td>\n<td width=\"5%\">30<\/td>\n<\/tr>\n<tr>\n<td width=\"38%\">22. Investigaci\u00f3n period\u00edstica<\/td>\n<td width=\"5%\">T<\/td>\n<td width=\"5%\">2<\/td>\n<td width=\"3%\">&#8211;<\/td>\n<td width=\"31%\">22. Investigaci\u00f3n period\u00edstica<\/td>\n<td width=\"5%\">T<\/td>\n<td width=\"5%\">2<\/td>\n<td width=\"5%\">60<\/td>\n<\/tr>\n<tr>\n<td width=\"38%\">23. Literatura<\/td>\n<td width=\"5%\">A<\/td>\n<td width=\"5%\">2<\/td>\n<td width=\"3%\">&#8211;<\/td>\n<td width=\"31%\">23. Literatura<\/td>\n<td width=\"5%\">A<\/td>\n<td width=\"5%\">2<\/td>\n<td width=\"5%\">60<\/td>\n<\/tr>\n<tr>\n<td width=\"38%\">24. Interpretaci\u00f3n<\/td>\n<td width=\"5%\">T<\/td>\n<td width=\"5%\">2<\/td>\n<td width=\"3%\">&#8211;<\/td>\n<td width=\"31%\">24. Interpretaci\u00f3n<\/td>\n<td width=\"5%\">T<\/td>\n<td width=\"5%\">2<\/td>\n<td width=\"5%\">60<\/td>\n<\/tr>\n<tr>\n<td width=\"38%\">25. Tecnolog\u00eda<\/td>\n<td width=\"5%\">L<\/td>\n<td width=\"5%\">2<\/td>\n<td width=\"3%\">&#8211;<\/td>\n<td width=\"31%\">25. Tecnolog\u00eda<\/td>\n<td width=\"5%\">L<\/td>\n<td width=\"5%\">2<\/td>\n<td width=\"5%\">60<\/td>\n<\/tr>\n<tr>\n<td width=\"38%\">26. Taller de Libreto<\/td>\n<td width=\"5%\">T<\/td>\n<td width=\"5%\">2<\/td>\n<td width=\"3%\">&#8211;<\/td>\n<td width=\"31%\">26. Taller de Libreto<\/td>\n<td width=\"5%\">T<\/td>\n<td width=\"5%\">2<\/td>\n<td width=\"5%\">60<\/td>\n<\/tr>\n<tr>\n<td colspan=\"6\" width=\"89%\">\n<p style=\"text-align: left;\"><strong>TOTAL DE HORAS C\u00c1TEDRA DE SEGUNDO A\u00d1O\u00a0\u00a0\u00a0\u00a0\u00a0\u00a0\u00a0\u00a0\u00a0\u00a0\u00a0\u00a0\u00a0\u00a0\u00a0\u00a0\u00a0\u00a0\u00a0\u00a0\u00a0\u00a0\u00a0\u00a0\u00a0\u00a0\u00a0\u00a0\u00a0\u00a0\u00a0\u00a0\u00a0\u00a0\u00a0\u00a0\u00a0\u00a0\u00a0\u00a0\u00a0\u00a0\u00a0\u00a0\u00a0\u00a0\u00a0\u00a0\u00a0\u00a0\u00a0\u00a0\u00a0\u00a0\u00a0\u00a0\u00a0\u00a0\u00a0\u00a0\u00a0\u00a0\u00a0\u00a0\u00a0\u00a0\u00a0\u00a0\u00a0\u00a0\u00a0\u00a0\u00a0\u00a0\u00a0\u00a0\u00a0\u00a0\u00a0\u00a0 \u00a0\u00a0\u00a0\u00a0\u00a0\u00a0\u00a0\u00a0\u00a0<\/strong><\/p>\n<\/td>\n<td colspan=\"2\" width=\"10%\">900<\/td>\n<\/tr>\n<\/tbody>\n<\/table>\n<table style=\"width: 100%;\" border=\"1\" cellspacing=\"0\" cellpadding=\"0\">\n<tbody>\n<tr>\n<td colspan=\"8\" width=\"100%\"><strong>\u00a0<\/strong><\/p>\n<p style=\"text-align: center;\"><strong><span style=\"color: #0000ff;\">TERCER A\u00d1O<\/span><\/strong><\/p>\n<\/td>\n<\/tr>\n<tr>\n<td colspan=\"4\" width=\"51%\">\n<p style=\"text-align: center;\"><strong>PRIMER CUATRIMESTRE<\/strong><\/p>\n<\/td>\n<td colspan=\"4\" width=\"48%\">\n<p style=\"text-align: center;\"><strong>SEGUNDO CUATRIMESTRE<\/strong><\/p>\n<\/td>\n<\/tr>\n<tr>\n<td width=\"32%\"><strong>Espacio Curricular<\/strong><\/td>\n<td width=\"6%\"><strong>Formato<\/strong><\/td>\n<td width=\"6%\"><strong>Hs.<\/strong><\/p>\n<p><strong>Semanales<\/strong><\/td>\n<td width=\"6%\"><strong>Hs. Anuales<\/strong><\/td>\n<td width=\"30%\"><strong>Espacio Curricular<\/strong><\/td>\n<td width=\"6%\"><strong>Formato<\/strong><\/td>\n<td width=\"6%\"><strong>Hs.<\/strong><\/p>\n<p><strong>Semanales<\/strong><\/td>\n<td width=\"6%\"><strong>Hs. Anuales<\/strong><\/td>\n<\/tr>\n<tr>\n<td width=\"32%\">27. Locuci\u00f3n III<\/td>\n<td width=\"6%\">T<\/td>\n<td width=\"6%\">5<\/td>\n<td width=\"6%\">&#8211;<\/td>\n<td width=\"30%\">27. Locuci\u00f3n III<\/td>\n<td width=\"6%\">T<\/td>\n<td width=\"6%\">5<\/td>\n<td width=\"6%\">150<\/td>\n<\/tr>\n<tr>\n<td width=\"32%\">28. Foniatr\u00eda III<\/td>\n<td width=\"6%\">T\/M<\/td>\n<td width=\"6%\">2<\/td>\n<td width=\"6%\">&#8211;<\/td>\n<td width=\"30%\">28. Foniatr\u00eda III<\/td>\n<td width=\"6%\">T\/M<\/td>\n<td width=\"6%\">2<\/td>\n<td width=\"6%\">60<\/td>\n<\/tr>\n<tr>\n<td width=\"32%\">29. Pr\u00e1ctica Integral de Radio III<\/td>\n<td width=\"6%\">T<\/td>\n<td width=\"6%\">6<\/td>\n<td width=\"6%\">&#8211;<\/td>\n<td width=\"30%\">29. Pr\u00e1ctica Integral de Radio III<\/td>\n<td width=\"6%\">T<\/td>\n<td width=\"6%\">6<\/td>\n<td width=\"6%\">180<\/td>\n<\/tr>\n<tr>\n<td width=\"32%\">30. Pr\u00e1ctica Integral de Televisi\u00f3n III<\/td>\n<td width=\"6%\">T<\/td>\n<td width=\"6%\">6<\/td>\n<td width=\"6%\">&#8211;<\/td>\n<td width=\"30%\">30. Pr\u00e1ctica Integral de Televisi\u00f3n III<\/td>\n<td width=\"6%\">T<\/td>\n<td width=\"6%\">6<\/td>\n<td width=\"6%\">180<\/td>\n<\/tr>\n<tr>\n<td width=\"32%\">31. \u00c9tica period\u00edstica<\/td>\n<td width=\"6%\">A<\/td>\n<td width=\"6%\">2<\/td>\n<td width=\"6%\">30<\/td>\n<td width=\"30%\">32. Portugu\u00e9s<\/td>\n<td width=\"6%\">A<\/td>\n<td width=\"6%\">2<\/td>\n<td width=\"6%\">30<\/td>\n<\/tr>\n<tr>\n<td width=\"32%\">33. Ingles<\/td>\n<td width=\"6%\">A<\/td>\n<td width=\"6%\">2<\/td>\n<td width=\"6%\">30<\/td>\n<td width=\"30%\">34. Geopol\u00edtica<\/td>\n<td width=\"6%\">A<\/td>\n<td width=\"6%\">2<\/td>\n<td width=\"6%\">30<\/td>\n<\/tr>\n<tr>\n<td width=\"32%\">35. R\u00e9gimen legal de la Radiodifusi\u00f3n<\/td>\n<td width=\"6%\">A<\/td>\n<td width=\"6%\">2<\/td>\n<td width=\"6%\">30<\/td>\n<td width=\"30%\">36. Doblaje<\/td>\n<td width=\"6%\">M<\/td>\n<td width=\"6%\">2<\/td>\n<td width=\"6%\">30<\/td>\n<\/tr>\n<tr>\n<td width=\"32%\">37. Redacci\u00f3n<\/td>\n<td width=\"6%\">T<\/td>\n<td width=\"6%\">2<\/td>\n<td width=\"6%\">30<\/td>\n<td width=\"30%\">38. Oratoria<\/td>\n<td width=\"6%\">M<\/td>\n<td width=\"6%\">2<\/td>\n<td width=\"6%\">30<\/td>\n<\/tr>\n<tr>\n<td width=\"32%\">39. Planificaci\u00f3n y gesti\u00f3n de Medios<\/td>\n<td width=\"6%\">M<\/td>\n<td width=\"6%\">2<\/td>\n<td width=\"6%\">&#8211;<\/td>\n<td width=\"30%\">39. Planificaci\u00f3n y gesti\u00f3n de Medios<\/td>\n<td width=\"6%\">M<\/td>\n<td width=\"6%\">2<\/td>\n<td width=\"6%\">60<\/td>\n<\/tr>\n<tr>\n<td colspan=\"6\" width=\"87%\">\n<p style=\"text-align: left;\"><strong>TOTAL DE HORAS C\u00c1TEDRA DE TERCER A\u00d1O\u00a0\u00a0\u00a0\u00a0\u00a0\u00a0\u00a0\u00a0\u00a0\u00a0\u00a0\u00a0\u00a0\u00a0\u00a0\u00a0\u00a0\u00a0\u00a0\u00a0\u00a0\u00a0\u00a0\u00a0\u00a0\u00a0\u00a0\u00a0\u00a0\u00a0\u00a0\u00a0\u00a0\u00a0\u00a0\u00a0\u00a0\u00a0\u00a0\u00a0\u00a0\u00a0\u00a0\u00a0\u00a0\u00a0\u00a0\u00a0\u00a0\u00a0\u00a0\u00a0\u00a0\u00a0\u00a0\u00a0\u00a0\u00a0\u00a0\u00a0\u00a0\u00a0\u00a0\u00a0\u00a0\u00a0\u00a0\u00a0\u00a0\u00a0\u00a0\u00a0\u00a0\u00a0\u00a0\u00a0\u00a0\u00a0\u00a0\u00a0\u00a0\u00a0\u00a0\u00a0\u00a0\u00a0\u00a0\u00a0\u00a0 <\/strong><\/p>\n<\/td>\n<td colspan=\"2\" width=\"12%\">870<\/td>\n<\/tr>\n<tr>\n<td colspan=\"6\" width=\"87%\"><strong>TOTAL DE HORAS C\u00c1TEDRA DE LA TECNICATURA\u00a0\u00a0\u00a0\u00a0\u00a0\u00a0\u00a0\u00a0\u00a0\u00a0\u00a0\u00a0\u00a0\u00a0\u00a0\u00a0\u00a0\u00a0\u00a0\u00a0\u00a0\u00a0\u00a0\u00a0\u00a0\u00a0\u00a0\u00a0\u00a0\u00a0\u00a0\u00a0\u00a0\u00a0\u00a0\u00a0\u00a0\u00a0\u00a0\u00a0\u00a0\u00a0\u00a0\u00a0\u00a0\u00a0\u00a0\u00a0\u00a0\u00a0\u00a0\u00a0\u00a0\u00a0\u00a0\u00a0\u00a0\u00a0\u00a0\u00a0\u00a0\u00a0\u00a0\u00a0\u00a0\u00a0\u00a0\u00a0\u00a0\u00a0\u00a0\u00a0\u00a0\u00a0\u00a0\u00a0\u00a0\u00a0\u00a0\u00a0\u00a0\u00a0\u00a0\u00a0\u00a0\u00a0\u00a0\u00a0\u00a0 <\/strong><\/td>\n<td colspan=\"2\" width=\"12%\">2790<\/td>\n<\/tr>\n<tr>\n<td colspan=\"6\" width=\"87%\"><strong>TOTAL DE HORAS RELOJ DE LA TECNICATURA\u00a0\u00a0\u00a0\u00a0\u00a0\u00a0\u00a0\u00a0\u00a0\u00a0\u00a0\u00a0\u00a0\u00a0\u00a0\u00a0\u00a0\u00a0\u00a0\u00a0\u00a0\u00a0\u00a0\u00a0\u00a0\u00a0\u00a0\u00a0\u00a0\u00a0\u00a0\u00a0\u00a0\u00a0\u00a0\u00a0\u00a0\u00a0\u00a0\u00a0\u00a0\u00a0\u00a0\u00a0\u00a0\u00a0\u00a0\u00a0\u00a0\u00a0\u00a0\u00a0\u00a0\u00a0\u00a0\u00a0\u00a0\u00a0\u00a0\u00a0\u00a0\u00a0\u00a0\u00a0\u00a0\u00a0\u00a0\u00a0\u00a0\u00a0\u00a0\u00a0\u00a0\u00a0\u00a0\u00a0\u00a0\u00a0\u00a0\u00a0\u00a0\u00a0\u00a0\u00a0\u00a0\u00a0\u00a0\u00a0\u00a0 <\/strong><\/td>\n<td colspan=\"2\" width=\"12%\">1860<\/td>\n<\/tr>\n<\/tbody>\n<\/table>\n","protected":false},"excerpt":{"rendered":"<p>______________________________________________________________________________________________________ Carrera:\u00a0Tecnicatura Superior en Locuci\u00f3n de Radio y Televisi\u00f3n. Duraci\u00f3n: 3 a\u00f1os Resoluci\u00f3n N\u00b0 2104-DGE-10 ______________________________________________________________________________________________________ Documentos \u00fatiles Dise\u00f1o curricular &#8211; descriptores \u00a0 PRIMER A\u00d1O \u00a0\u00a0 PRIMER CUATRIMESTRE SEGUNDO CUATRIMESTRE Espacio Curricular Formato Hs. Sema-nales Hs. Anuales Espacio Curricular Formato Hs. Sema-nales Hs. Anuales 1. Locuci\u00f3n I T 6 &#8211; 1. Locuci\u00f3n I T 6 &#8230; <a title=\"Tecnicatura Superior en Locuci\u00f3n de Radio y Televisi\u00f3n\" class=\"read-more\" href=\"https:\/\/ens9003-infd.mendoza.edu.ar\/sitio\/tecnicatura-superior-en-locucion-de-radio-y-television\/\" aria-label=\"More on Tecnicatura Superior en Locuci\u00f3n de Radio y Televisi\u00f3n\">[+]<\/a><\/p>\n","protected":false},"author":7,"featured_media":0,"parent":0,"menu_order":0,"comment_status":"closed","ping_status":"closed","template":"","meta":[],"acf":[],"_links":{"self":[{"href":"https:\/\/ens9003-infd.mendoza.edu.ar\/sitio\/wp-json\/wp\/v2\/pages\/925"}],"collection":[{"href":"https:\/\/ens9003-infd.mendoza.edu.ar\/sitio\/wp-json\/wp\/v2\/pages"}],"about":[{"href":"https:\/\/ens9003-infd.mendoza.edu.ar\/sitio\/wp-json\/wp\/v2\/types\/page"}],"author":[{"embeddable":true,"href":"https:\/\/ens9003-infd.mendoza.edu.ar\/sitio\/wp-json\/wp\/v2\/users\/7"}],"replies":[{"embeddable":true,"href":"https:\/\/ens9003-infd.mendoza.edu.ar\/sitio\/wp-json\/wp\/v2\/comments?post=925"}],"version-history":[{"count":5,"href":"https:\/\/ens9003-infd.mendoza.edu.ar\/sitio\/wp-json\/wp\/v2\/pages\/925\/revisions"}],"predecessor-version":[{"id":5895,"href":"https:\/\/ens9003-infd.mendoza.edu.ar\/sitio\/wp-json\/wp\/v2\/pages\/925\/revisions\/5895"}],"wp:attachment":[{"href":"https:\/\/ens9003-infd.mendoza.edu.ar\/sitio\/wp-json\/wp\/v2\/media?parent=925"}],"curies":[{"name":"wp","href":"https:\/\/api.w.org\/{rel}","templated":true}]}}