{"id":936,"date":"2018-06-28T17:25:15","date_gmt":"2018-06-28T20:25:15","guid":{"rendered":"https:\/\/ens9003-mza.infd.edu.ar\/sitio\/resoluciones-y-memorandums-dge\/"},"modified":"2022-10-31T19:04:57","modified_gmt":"2022-10-31T22:04:57","slug":"resoluciones-y-memorandums-dge","status":"publish","type":"page","link":"https:\/\/ens9003-infd.mendoza.edu.ar\/sitio\/resoluciones-y-memorandums-dge\/","title":{"rendered":"Direcci\u00f3n General de Escuelas"},"content":{"rendered":"<p><a href=\"https:\/\/ens9003-infd.mendoza.edu.ar\/sitio\/anexo-concurso-de-titularizacion-de-horas-catedras-en-el-nivel-superior\/\" target=\"_blank\" rel=\"noopener\"><strong>Anexo &#8211; Resoluci\u00f3n N\u00b0 2022-8021-E-GDEMZA-DGE<\/strong><\/a> &#8211; <span class=\"fontstyle0\">Cronograma general para el concurso de titularizaci\u00f3n de horas c\u00e1tedras en el<br \/>Nivel Superior<\/span><\/p>\n<p><strong><a href=\"https:\/\/ens9003-infd.mendoza.edu.ar\/sitio\/resol-2022-8021-gdemza-dge-convocatoria-a-concurso-de-titularizacion-de-horas-catedras-en-el-nivel-superior-2022\/\" target=\"_blank\" rel=\"noopener\">Resoluci\u00f3n N\u00b0 2022-8021-E-GDEMZA-DGE<\/a><\/strong> &#8211; <span class=\"fontstyle0\">Convocatoria a concurso de titularizaci\u00f3n de horas c\u00e1tedras en el Nivel Superior 2022<\/span><\/p>\n<p><a href=\"https:\/\/ens9003-infd.mendoza.edu.ar\/sitio\/memo-no-398-se-2022\/\" target=\"_blank\" rel=\"noopener\"><strong>Memor\u00e1ndum N\u00b0 398-SE-2022<\/strong><\/a> &#8211; Enlace Congreso Internacional de Alfabetizaci\u00f3n, Lectura y Escritura.<\/p>\n<p><a href=\"https:\/\/ens9003-infd.mendoza.edu.ar\/sitio\/memo-n-348-se-2022\/\" target=\"_blank\" rel=\"noopener\"><strong>Memor\u00e1ndum N\u00b0 348-SE-2022<\/strong><\/a> &#8211; Comunicar fechas, lugares y enlaces de inscripci\u00f3n para las Jornadas de Desarrollo Profesional Docente remuneradas.<\/p>\n<p><a href=\"https:\/\/ens9003-infd.mendoza.edu.ar\/sitio\/memo-n-125-se-2022\/\" target=\"_blank\" rel=\"noopener\"><strong>Memor\u00e1ndum 125-SE-2022<\/strong><\/a> &#8211; Certamen literario internacional \u00abJuan y Gregoria\u00bb los padres del libertador.<\/p>\n<p><a href=\"https:\/\/ens9003-infd.mendoza.edu.ar\/sitio\/wp-content\/uploads\/2021\/08\/Memo-Retorno-a-la-Act.-Laboral-Presencial.pdf\" target=\"_blank\" rel=\"noopener\"><strong>Memor\u00e1ndum ME-2021-04622468<\/strong><\/a> &#8211; Retorno a la Actividad Laboral Presencial a partir del 02\/08\/2021.<\/p>\n<p><a href=\"https:\/\/ens9003-infd.mendoza.edu.ar\/sitio\/wp-content\/uploads\/2021\/08\/CIRCULAR-No-04-\u2013-CGES-\u2013-2021.pdf\" target=\"_blank\" rel=\"noopener\"><strong>Circular N\u00ba 04\u2013CGES\u20132021<\/strong><\/a> (AGENTES NO VACUNADOS \/ EXCEPTUADOS).<\/p>\n<p><strong><a href=\"https:\/\/ens9003-infd.mendoza.edu.ar\/sitio\/wp-content\/uploads\/2021\/08\/MEMO-No-224-SE-2021-EDURED.pdf\" target=\"_blank\" rel=\"noopener\">Memor\u00e1ndum N\u00b0 224-SE-2021<\/a><\/strong> &#8211; Comunicar instalaci\u00f3n de puntos wifi EDURED.<\/p>\n<p><strong><a href=\"https:\/\/ens9003-infd.mendoza.edu.ar\/sitio\/memo-122\/\" target=\"_blank\" rel=\"noopener\">Memor\u00e1ndum N\u00b0 122-SE-2021<\/a><\/strong> &#8211; Vacunaci\u00f3n PRIMERA DOSIS VACUNA COVID-19 CENTRO DE CONGRESOS Y EXPOSICIONES ALFREDO BUFANO &#8211; SAN RAFAEL &#8211; REMANENTE.<\/p>\n<p><strong><a href=\"https:\/\/ens9003-infd.mendoza.edu.ar\/sitio\/memo-123\/\" target=\"_blank\" rel=\"noopener\">Memor\u00e1ndum N\u00b0 123-SE-2021<\/a><\/strong> &#8211; Vacunaci\u00f3n SEGUNDA DOSIS VACUNA COVID-19 CENTRO DE CONGRESOS Y EXPOSICIONES ALFREDO BUFANO &#8211; SAN RAFAEL.<\/p>\n<table border=\"0\">\n<tbody>\n<tr>\n<td style=\"text-align: center;\"><a href=\"http:\/\/bases.mendoza.edu.ar\/aplicaciones\/legales\/gestion\/documentos\/R013030110.pdf\" target=\"_blank\" rel=\"noopener\"><img decoding=\"async\" loading=\"lazy\" src=\"http:\/\/des.mza.infd.edu.ar\/sitio\/upload\/img\/pdf.jpg\" width=\"22\" height=\"22\" border=\"0\" \/><\/a><a title=\"RAM - Resoluci\u00f3n 258-DGE-2012\" href=\"upload\/258-DGE-2012.pdf\" target=\"_blank\" rel=\"noopener\">Resoluci\u00f3n 258-DGE-2012<\/a><\/td>\n<td>Es la Resoluci\u00f3n que aprueba el <strong>RAM<\/strong> (REGIMEN ACADEMICO MARCO) para los Institutos de Educaci\u00f3n Superior y rige como norma jurisdiccional marco a partir de la fecha de su \u00a0legal publicaci\u00f3n para todos los Institutos de Educaci\u00f3n Superior de la Provincia de Mendoza.<\/td>\n<\/tr>\n<tr>\n<td style=\"text-align: center;\">\u00a0<a href=\"http:\/\/des.mza.infd.edu.ar\/sitio\/upload\/REGLAMENTO_DE_PRu00C1CTICA_Y_RESIDENCIA_1883-DGE-14.pdf\" target=\"_blank\" rel=\"noopener\"><img decoding=\"async\" loading=\"lazy\" title=\"\" src=\"http:\/\/des.mza.infd.edu.ar\/sitio\/upload\/img\/pdf1.jpg\" alt=\"\" width=\"21\" height=\"21\" border=\"0\" \/><\/a><a title=\"Resoluci\u00f3n 1883-2014 Reglamento de Pr\u00e1cticas y Residencia Docente\" href=\"upload\/1883-2014.pdf\" target=\"_blank\" rel=\"noopener\">Resoluci\u00f3n 1883-DGE-2014<\/a><\/td>\n<td>\u00a0Reglamento de Pr\u00e1cticas y Residencia docente<\/td>\n<\/tr>\n<tr>\n<td style=\"text-align: center;\">\u00a0<img decoding=\"async\" loading=\"lazy\" src=\"http:\/\/des.mza.infd.edu.ar\/sitio\/upload\/img\/pdf.jpg\" width=\"22\" height=\"22\" border=\"0\" \/><a title=\"Resoluci\u00f3n N\u00b0 2126-DGE-2011 11 Post\u00edtulos\" href=\"upload\/Resolucion_2126-DGE-11_POSTITULOS.pdf\" target=\"_blank\" rel=\"noopener\">Resoluci\u00f3n 2126-DGE-2011<\/a><\/td>\n<td>\u00a0En vistas al nuevo marco normativo que desde el Consejo Federal se acord\u00f3\u00a0 para regular los Post\u00edtulos, la Provincia de Mendoza gener\u00f3 una nueva resoluci\u00f3n provincial, N\u00b0 <strong>2126-CFE-11<\/strong>, donde se indican los procedimientos para el planeamiento, la evaluaci\u00f3n de nuevas ofertas y su aprobaci\u00f3n.<\/td>\n<\/tr>\n<tr>\n<td style=\"text-align: center;\"><img decoding=\"async\" loading=\"lazy\" src=\"http:\/\/des.mza.infd.edu.ar\/sitio\/upload\/img\/pdf.jpg\" width=\"22\" height=\"22\" border=\"0\" \/><a title=\"Resoluci\u00f3n 1835-DGE-2015 Presentaci\u00f3n de Proyectos\" href=\"upload\/1835-2015.pdf\" target=\"_blank\" rel=\"noopener\">Resoluci\u00f3n\u00a01835-DGE-2015<\/a><\/td>\n<td>Establece las condiciones necesarias para la admisi\u00f3n, evaluaci\u00f3n, acreditaci\u00f3n y monitoreo de las propuestas formativas de desarrollo profesional docente con otorgamiento de puntaje.\n<p>\u00a0<\/p>\n<p><strong><span style=\"color: #ff0000;\">&gt;&gt;<\/span><\/strong><a title=\"1835-DGE-2015 Grilla Presentaci\u00f3n de Proyectos\" href=\"upload\/GRILLA_DE_PRESENTACION__DE_PROPUESTAS__RES_N_1835-DGE-2015.doc\" target=\"_blank\" rel=\"noopener\">Grilla presentaci\u00f3n de proyectos<\/a><span style=\"color: #ff0000;\"><strong>&lt;&lt;<\/strong><\/span><\/p>\n<\/td>\n<\/tr>\n<tr>\n<td style=\"text-align: center;\"><img decoding=\"async\" loading=\"lazy\" src=\"http:\/\/des.mza.infd.edu.ar\/sitio\/upload\/img\/pdf.jpg\" width=\"22\" height=\"22\" border=\"0\" \/><a title=\"Resoluci\u00f3n 1464-DGE-2016\" href=\"http:\/\/bases.mendoza.edu.ar\/aplicaciones\/legales\/gestion\/documentos\/527fb8_1464.pdf\">Resoluci\u00f3n\u00a01464-DGE-2016<\/a><\/td>\n<td>Inter\u00e9s Educativo para las actividades educativas y culturales<\/td>\n<\/tr>\n<tr>\n<td style=\"text-align: center;\"><img decoding=\"async\" loading=\"lazy\" src=\"http:\/\/des.mza.infd.edu.ar\/sitio\/upload\/img\/pdf.jpg\" width=\"22\" height=\"22\" border=\"0\" \/><a title=\"Resoluci\u00f3n 1547-DGE-2016\" href=\"http:\/\/bases.mendoza.edu.ar\/aplicaciones\/legales\/gestion\/documentos\/04c36b_1547.pdf\">Resoluci\u00f3n\u00a01547-DGE-2016<\/a><\/td>\n<td>Convocatoria de docentes y alumnos de nivel Superior.<\/td>\n<\/tr>\n<tr>\n<td style=\"text-align: center;\"><img decoding=\"async\" loading=\"lazy\" src=\"http:\/\/des.mza.infd.edu.ar\/sitio\/upload\/img\/pdf.jpg\" width=\"22\" height=\"22\" border=\"0\" \/><a title=\"Memo agresiones a docentes\" href=\"upload\/Memo_agresiones_a_docentes.pdf\" target=\"_blank\" rel=\"noopener\">Memor\u00e1ndum N\u00b0 113-SGE-16 \/ N\u00b0 023-SPECE-16<\/a><\/td>\n<td>Comunicar las acciones que deben realizarse ante agresiones a docentes.<\/td>\n<\/tr>\n<tr>\n<td style=\"text-align: center;\"><img decoding=\"async\" loading=\"lazy\" src=\"http:\/\/des.mza.infd.edu.ar\/sitio\/upload\/img\/pdf.jpg\" width=\"22\" height=\"22\" border=\"0\" \/><a title=\"Memo Aprender a Ense\u00f1ar Matem\u00e1tica\" href=\"upload\/Memo_aprender_a_ensen_ar_matematica.pdf\" target=\"_blank\" rel=\"noopener\">Memorandum\u00a042-SPECE-2016 \/\u00a0151-SGE-2016<\/a><\/td>\n<td>Convocatoria Aprender a Ense\u00f1ar Matem\u00e1tica<\/td>\n<\/tr>\n<tr>\n<td style=\"text-align: center;\"><img decoding=\"async\" loading=\"lazy\" src=\"http:\/\/des.mza.infd.edu.ar\/sitio\/upload\/img\/pdf.jpg\" width=\"22\" height=\"22\" border=\"0\" \/>\u00a0<a title=\"Resoluci\u00f3n 2327-DGE-2016 Concurso Jerarquia Directiva\" href=\"upload\/Res_2327_-_DGE_2016_Concurso__jerarquia_directiva.pdf\" target=\"_blank\" rel=\"noopener\">Resoluci\u00f3n N\u00b0 2327-DGE-2016<\/a><\/td>\n<td>Concurso Jerarquia Directiva<\/td>\n<\/tr>\n<tr>\n<td style=\"text-align: center;\"><img decoding=\"async\" loading=\"lazy\" src=\"http:\/\/des.mza.infd.edu.ar\/sitio\/upload\/img\/pdf.jpg\" width=\"22\" height=\"22\" border=\"0\" \/>\u00a0<a title=\"Certificado Aptitud Psicofisica\" href=\"upload\/certificado_aptitud_psicofisica.pdf\" target=\"_blank\" rel=\"noopener\">Resoluci\u00f3n N\u00b0 0029-DGE-2017<\/a><\/td>\n<td>Certificado de Aptitud Psicof\u00edsica<\/td>\n<\/tr>\n<tr>\n<td style=\"text-align: center;\"><img decoding=\"async\" loading=\"lazy\" src=\"http:\/\/des.mza.infd.edu.ar\/sitio\/upload\/img\/pdf.jpg\" width=\"22\" height=\"22\" border=\"0\" \/><a title=\"Asistencia a mesas memo\" href=\"upload\/Asistencia_a_mesas_memo.pdf\" target=\"_blank\" rel=\"noopener\">Memor\u00e1ndum 004-SPECE-17<\/a><\/td>\n<td>Comunicar procedimiento por asistencia docente a mesas de ex\u00e1menes<\/td>\n<\/tr>\n<tr>\n<td style=\"text-align: center;\"><img decoding=\"async\" loading=\"lazy\" src=\"http:\/\/des.mza.infd.edu.ar\/sitio\/upload\/img\/pdf.jpg\" width=\"22\" height=\"22\" border=\"0\" \/><a title=\"Memo Asambleas 12 y 13\/09\/2017\" href=\"upload\/Memo_Asambleas_2017.pdf\" target=\"_blank\" rel=\"noopener\">Memor\u00e1ndum Resoluci\u00f3n\u00a0N\u00b0 129\/16<\/a><\/td>\n<td>Cumplimiento del Servicio P\u00fablico durante Asambleas Gremiales. \u00a0Asambleas 12 y 13 de setiembre de 2017<\/td>\n<\/tr>\n<tr>\n<td style=\"text-align: center;\"><img decoding=\"async\" loading=\"lazy\" src=\"http:\/\/des.mza.infd.edu.ar\/sitio\/upload\/img\/pdf.jpg\" width=\"22\" height=\"22\" border=\"0\" \/><a title=\"Memo 222\/2017 - C\u00e1ncer de Mama\" href=\"upload\/Memo_222.pdf\" target=\"_blank\" rel=\"noopener\">Memor\u00e1ndum Resoluci\u00f3n\u00a0N\u00b0 222\/2017<\/a><\/td>\n<td>Octubre: Mes de Sensibilizaci\u00f3n sobre el C\u00e1ncer de Mama<\/td>\n<\/tr>\n<tr>\n<td style=\"text-align: center;\"><img decoding=\"async\" loading=\"lazy\" src=\"http:\/\/des.mza.infd.edu.ar\/sitio\/upload\/img\/pdf.jpg\" width=\"22\" height=\"22\" border=\"0\" \/><a title=\"Memo 191-SPECE-2017\" href=\"upload\/Memo_191-SPECE-2017.pdf\" target=\"_blank\" rel=\"noopener\">Memor\u00e1ndum N\u00b0 191-SPECE-2017<\/a><\/td>\n<td>Examen Operativo Ense\u00f1ar 2017<\/td>\n<\/tr>\n<tr>\n<td style=\"text-align: center;\"><img decoding=\"async\" loading=\"lazy\" src=\"http:\/\/des.mza.infd.edu.ar\/sitio\/upload\/img\/pdf.jpg\" width=\"22\" height=\"22\" border=\"0\" \/><a title=\"Memo 243-SGE-17 187-SPECE-17\" href=\"upload\/Memo_243-SGE-17_187-SPECE-17.pdf\" target=\"_blank\" rel=\"noopener\">Memor\u00e1ndum N\u00b0 243-SGE-2017<\/a><\/td>\n<td>Comunicar que el personal de la \u00abCasa del Maestro y Previsi\u00f3n Social de Mendoza\u00bb cuenta con autorizaci\u00f3n para ingresar a las Instituciones Educativas a fin de difundir sus servicios en horarios que no perturben el normal desarrollo de actividades.<\/td>\n<\/tr>\n<tr>\n<td style=\"text-align: center;\"><img decoding=\"async\" loading=\"lazy\" src=\"http:\/\/des.mza.infd.edu.ar\/sitio\/upload\/img\/pdf.jpg\" width=\"22\" height=\"22\" border=\"0\" \/><a title=\"Memo SGE 245- SPECE 188-17\" href=\"upload\/Memo_SGE_245-_SPECE_188-17.pdf\" target=\"_blank\" rel=\"noopener\">Memor\u00e1ndum N\u00b0 245-SGE-2017<\/a><\/td>\n<td>Liberaci\u00f3n de funciones de docentes inscriptos en el CONGRESO \u00abNEUROCIENCIAS APLICADAS A LA EDUCACI\u00d3N\u00bb<\/td>\n<\/tr>\n<tr>\n<td style=\"text-align: center;\"><img decoding=\"async\" loading=\"lazy\" src=\"http:\/\/des.mza.infd.edu.ar\/sitio\/upload\/img\/pdf.jpg\" width=\"22\" height=\"22\" border=\"0\" \/><a title=\"Memor\u00e1ndum 207 \" href=\"upload\/Memorandum_207_Liberacion_de_funciones_Jornada_de_Educacion_y_Didactica_en_Derechos_Humanos.pdf\" target=\"_blank\" rel=\"noopener\">Memor\u00e1ndum N\u00b0 207 <\/a><\/td>\n<td>Liberaci\u00f3n de funciones Jornada de Educaci\u00f3n y Did\u00e1ctica en Derechos Humanos<\/td>\n<\/tr>\n<tr>\n<td style=\"text-align: center;\"><img decoding=\"async\" loading=\"lazy\" src=\"http:\/\/des.mza.infd.edu.ar\/sitio\/upload\/img\/pdf.jpg\" width=\"22\" height=\"22\" border=\"0\" \/><a title=\"Memor\u00e1ndum La verdad sobre el nuevo \u00edtem zona\" href=\"upload\/Memorandum_La_verdad_sobre_el_nuevo_item_zona.pdf\" target=\"_blank\" rel=\"noopener\">Memor\u00e1ndum Director General de Escuelas<\/a><\/td>\n<td>La verdad sobre el nuevo \u00edtem zona<\/td>\n<\/tr>\n<tr>\n<td style=\"text-align: center;\"><img decoding=\"async\" loading=\"lazy\" src=\"http:\/\/des.mza.infd.edu.ar\/sitio\/upload\/img\/pdf.jpg\" width=\"22\" height=\"22\" border=\"0\" \/><a title=\"Memor\u00e1ndum zona 2018\" href=\"upload\/Memo_zona.jpeg\" target=\"_blank\" rel=\"noopener\">Memor\u00e1ndum Director de Recursos Humanos<\/a><\/td>\n<td>Relevamiento de zona<\/td>\n<\/tr>\n<tr>\n<td style=\"text-align: center;\"><img decoding=\"async\" loading=\"lazy\" src=\"http:\/\/des.mza.infd.edu.ar\/sitio\/upload\/img\/pdf.jpg\" width=\"22\" height=\"22\" border=\"0\" \/><a title=\"Memor\u00e1ndum TDR Convocatoria Comisi\u00f3n Curricular\" href=\"upload\/memo_TDR_convocatoria_comision_curricular.pdf\" target=\"_blank\" rel=\"noopener\">Memor\u00e1ndum\u00a0Coordinaci\u00f3n General de Educaci\u00f3n Superior<\/a><\/td>\n<td>Memor\u00e1ndum TDR Convocatoria Comisi\u00f3n Curricular<\/td>\n<\/tr>\n<tr>\n<td style=\"text-align: center;\"><img decoding=\"async\" loading=\"lazy\" src=\"http:\/\/des.mza.infd.edu.ar\/sitio\/upload\/img\/pdf.jpg\" width=\"22\" height=\"22\" border=\"0\" \/><a title=\"Memo charla 22\/06\/2018\" href=\"upload\/memo_25.pdf\" target=\"_blank\" rel=\"noopener\">Memor\u00e1ndum Coordinaci\u00f3n General de Educaci\u00f3n Superior\u00a0<\/a><\/td>\n<td>Convocatoria para asistir a conferencia \u201cProyecciones econ\u00f3micas desaf\u00edos educativos en Mendoza\u00bb<\/td>\n<\/tr>\n<tr>\n<td style=\"text-align: center;\"><img decoding=\"async\" loading=\"lazy\" src=\"http:\/\/des.mza.infd.edu.ar\/sitio\/upload\/img\/pdf.jpg\" width=\"22\" height=\"22\" border=\"0\" \/><a title=\"Memor\u00e1ndum N\u00b0 26 &quot;Aprendizaje y Servicio Solidario en el Nivel Superior&quot;\" href=\"upload\/Memo_26_Aprendizaje_y_Servicio_Solidario.pdf\" target=\"_blank\" rel=\"noopener\">Memor\u00e1ndum N\u00b0 26<\/a><\/td>\n<td>Memor\u00e1ndum N\u00b0 26 \u00abAprendizaje y Servicio Solidario en el Nivel Superior\u00bb<\/td>\n<\/tr>\n<\/tbody>\n<\/table>\n<p><a href=\"https:\/\/ens9003-infd.mendoza.edu.ar\/sitio\/memo-44-cges-18\/\" target=\"_blank\" rel=\"noopener\">Memor\u00e1ndum 44<\/a> &#8211; 1\u00b0 Jornada de Recuperaci\u00f3n- 1er Presencial de Capacitaci\u00f3n \u00abAprendizajes y Servicio Solidario en el Nivel Superior<br \/><a href=\"https:\/\/drive.google.com\/open?id=1oaJMyqJYaxThrlabMfS2gBIyHbXu3hpq\" target=\"_blank\" rel=\"noopener\">Resoluci\u00f3n 115<\/a> y <a href=\"https:\/\/ens9003-infd.mendoza.edu.ar\/sitio\/resolucion-116-cges-18\/\" target=\"_blank\" rel=\"noopener\">Resoluci\u00f3n 116<\/a>\u00a0 Normas Transitorias<br \/><a href=\"https:\/\/ens9003-infd.mendoza.edu.ar\/sitio\/memo-asambleas-jueves-24-nov-2016\/\" target=\"_blank\" rel=\"noopener\">Memor\u00e1ndum<\/a> &#8211;\u00a0<a href=\"https:\/\/ens9003-infd.mendoza.edu.ar\/sitio\/resolucion-129_2016\/\" target=\"_blank\" rel=\"noopener\">Resoluci\u00f3n 129<\/a> &#8211; Cumplimiento del servicio p\u00fablico durante Asambleas Gremiales<\/p>\n<p><a href=\"https:\/\/ens9003-infd.mendoza.edu.ar\/sitio\/memorandum-sobre-resolucion-n-2097-dge-18\/\" target=\"_blank\" rel=\"noopener\">Memor\u00e1ndum sobre Resoluci\u00f3n N\u00b0 2097-DGE-18<\/a><br \/><a href=\"https:\/\/ens9003-infd.mendoza.edu.ar\/sitio\/memo-rrhh-ausentismo\/\" target=\"_blank\" rel=\"noopener\">Memor\u00e1ndum Capacitaci\u00f3n del Programa de Evaluaci\u00f3n y Seguimiento del Ausentismo a cargo de la OSEP<\/a><\/p>\n<p><a href=\"https:\/\/ens9003-infd.mendoza.edu.ar\/sitio\/res-123\/\" target=\"_blank\" rel=\"noopener\">Resoluci\u00f3n N\u00b0 00123<\/a> Normas transitorias institutos de nivel superior (deroga Resoluci\u00f3n N\u00ba 116- CGES-18)<\/p>\n<p><a href=\"https:\/\/ens9003-infd.mendoza.edu.ar\/sitio\/resolucion-124-18\/\" target=\"_blank\" rel=\"noopener\">Resoluci\u00f3n N\u00b0 00124<\/a> Carreras Prioritarias<\/p>\n<p><a href=\"https:\/\/ens9003-infd.mendoza.edu.ar\/sitio\/memo-25-de-septiembre\/\" target=\"_blank\" rel=\"noopener\">Memor\u00e1ndum Novedades del d\u00eda 25 de septiembre de 2018<\/a><\/p>\n<p><a href=\"https:\/\/ens9003-infd.mendoza.edu.ar\/sitio\/memo-no-289-se-18-comunicar-sobre-elecciones-educ-superior\/\" target=\"_blank\" rel=\"noopener\">Memor\u00e1ndum Elecciones de Juntas el 12\/12\/2018<\/a><\/p>\n<p><a href=\"https:\/\/ens9003-infd.mendoza.edu.ar\/sitio\/wp-content\/uploads\/2019\/05\/memorandum-paro-29-mayo.pdf\" target=\"_blank\" rel=\"noopener\">Memor\u00e1ndum Paro 29\/05\/2019<\/a><\/p>\n<p><a href=\"https:\/\/ens9003-infd.mendoza.edu.ar\/sitio\/wp-content\/uploads\/2019\/07\/CIRCULAR-1-DGE-19.pdf\" target=\"_blank\" rel=\"noopener\">Procedimiento de ausentismo por enfermedad propia y cuidado de familiar enfermo<\/a><\/p>\n\n\n<p><\/p>\n","protected":false},"excerpt":{"rendered":"<p>Anexo &#8211; Resoluci\u00f3n N\u00b0 2022-8021-E-GDEMZA-DGE &#8211; Cronograma general para el concurso de titularizaci\u00f3n de horas c\u00e1tedras en elNivel Superior Resoluci\u00f3n N\u00b0 2022-8021-E-GDEMZA-DGE &#8211; Convocatoria a concurso de titularizaci\u00f3n de horas c\u00e1tedras en el Nivel Superior 2022 Memor\u00e1ndum N\u00b0 398-SE-2022 &#8211; Enlace Congreso Internacional de Alfabetizaci\u00f3n, Lectura y Escritura. Memor\u00e1ndum N\u00b0 348-SE-2022 &#8211; Comunicar fechas, lugares &#8230; <a title=\"Direcci\u00f3n General de Escuelas\" class=\"read-more\" href=\"https:\/\/ens9003-infd.mendoza.edu.ar\/sitio\/resoluciones-y-memorandums-dge\/\" aria-label=\"More on Direcci\u00f3n General de Escuelas\">[+]<\/a><\/p>\n","protected":false},"author":7,"featured_media":0,"parent":0,"menu_order":0,"comment_status":"closed","ping_status":"closed","template":"","meta":[],"acf":[],"_links":{"self":[{"href":"https:\/\/ens9003-infd.mendoza.edu.ar\/sitio\/wp-json\/wp\/v2\/pages\/936"}],"collection":[{"href":"https:\/\/ens9003-infd.mendoza.edu.ar\/sitio\/wp-json\/wp\/v2\/pages"}],"about":[{"href":"https:\/\/ens9003-infd.mendoza.edu.ar\/sitio\/wp-json\/wp\/v2\/types\/page"}],"author":[{"embeddable":true,"href":"https:\/\/ens9003-infd.mendoza.edu.ar\/sitio\/wp-json\/wp\/v2\/users\/7"}],"replies":[{"embeddable":true,"href":"https:\/\/ens9003-infd.mendoza.edu.ar\/sitio\/wp-json\/wp\/v2\/comments?post=936"}],"version-history":[{"count":19,"href":"https:\/\/ens9003-infd.mendoza.edu.ar\/sitio\/wp-json\/wp\/v2\/pages\/936\/revisions"}],"predecessor-version":[{"id":3881,"href":"https:\/\/ens9003-infd.mendoza.edu.ar\/sitio\/wp-json\/wp\/v2\/pages\/936\/revisions\/3881"}],"wp:attachment":[{"href":"https:\/\/ens9003-infd.mendoza.edu.ar\/sitio\/wp-json\/wp\/v2\/media?parent=936"}],"curies":[{"name":"wp","href":"https:\/\/api.w.org\/{rel}","templated":true}]}}