{"id":938,"date":"2018-06-28T17:25:16","date_gmt":"2018-06-28T20:25:16","guid":{"rendered":"https:\/\/ens9003-mza.infd.edu.ar\/sitio\/circulares-y-resoluciones-des\/"},"modified":"2023-04-11T11:08:08","modified_gmt":"2023-04-11T14:08:08","slug":"circulares-y-resoluciones-des","status":"publish","type":"page","link":"https:\/\/ens9003-infd.mendoza.edu.ar\/sitio\/circulares-y-resoluciones-des\/","title":{"rendered":"Coordinaci\u00f3n General de Educaci\u00f3n Superior"},"content":{"rendered":"<p><a href=\"https:\/\/drive.google.com\/file\/d\/1ql3UaEVhx1mFEg6SMwZwCFUCnVxhRdA1\/view?usp=sharing\" target=\"_blank\" rel=\"noopener\"><strong>Resoluci\u00f3n N\u00b0 87-GDEMZA-CGES-2023<\/strong><\/a>\u00a0 _ <strong><a href=\"https:\/\/drive.google.com\/file\/d\/1f_KVWK5_vHoEjM7pyQllEEPhPTNRgoiM\/view?usp=sharing\" target=\"_blank\" rel=\"noopener\">Anexo I<\/a><\/strong> &#8211;\u00a0 <span class=\"fontstyle0\">Procedimiento para el ofrecimiento de horas del concurso p\u00fablico y abierto de t\u00edtulos, antecedentes y oposici\u00f3n para la cobertura de horas c\u00e1tedra en car\u00e1cter de titular en Institutos de Educaci\u00f3n Superior de gesti\u00f3n estatal<\/span><\/p>\n<p><span class=\"fontstyle0\"><strong><a style=\"pointer-events: none;\" href=\"https:\/\/ens9003-infd.mendoza.edu.ar\/sitio\/memorandum-n-92-cges-2022\/\" target=\"_blank\" rel=\"noopener\">Memor\u00e1ndum N\u00b0 92 \u2013 CGES \u2013 2022<\/a><\/strong> &#8211; Capacitaci\u00f3n sobre \u201cPlan de contingencia: prevenci\u00f3n s\u00edsmica y accidentes\u201d<\/span><\/p>\n<p><strong><a style=\"pointer-events: none;\" href=\"https:\/\/ens9003-infd.mendoza.edu.ar\/sitio\/resol-2022-177-gdemza-cgesdge-designacion-de-jurado-ies-9-003\/\" target=\"_blank\" rel=\"noopener\">Resoluci\u00f3n N\u00b0 177-GDEMZA-CGES#DGE<\/a><\/strong> &#8211; Designacio\u0301n de jurado &#8211; IES 9-003<\/p>\n<p><a style=\"pointer-events: none;\" href=\"https:\/\/ens9003-infd.mendoza.edu.ar\/sitio\/anexo-extension-de-plazo-para-terminalidad-de-carreras-de-nivel-superior-cges\/\" target=\"_blank\" rel=\"noopener\"><strong>Anexo Resoluci\u00f3n N\u00b0 170-E-DGEMZA-2022<\/strong><\/a> &#8211; Extensi\u00f3n de plazo para terminalidad de carreras de Nivel Superior &#8211; CGES<\/p>\n<p><strong><a style=\"pointer-events: none;\" href=\"https:\/\/ens9003-infd.mendoza.edu.ar\/sitio\/resol-2022-170-gdemza-cgesdge-extension-de-plazo-para-terminalidad-de-carreras-de-nivel-superior-cges\/\" target=\"_blank\" rel=\"noopener\">Resoluci\u00f3n N\u00b0 170-E-DGEMZA-2022<\/a><\/strong> &#8211; Extensi\u00f3n de plazo para terminalidad de carreras de Nivel Superior &#8211; CGES<\/p>\n<p><strong><a style=\"pointer-events: none;\" href=\"https:\/\/ens9003-infd.mendoza.edu.ar\/sitio\/memorandum-n-69-cges-2022\/\" target=\"_blank\" rel=\"noopener\">Memor\u00e1ndum N\u00b0 69-CGES-2022<\/a><\/strong> &#8211; Invitaci\u00f3n 5\u00ba Festival Audiovisual Latinoamericano SER VOZ, \u201cDIVERSIDADES\u201d<\/p>\n<p><strong><a style=\"pointer-events: none;\" href=\"https:\/\/ens9003-infd.mendoza.edu.ar\/sitio\/anexo-norma-modificatoria-de-la-115-cges-18\/\" target=\"_blank\" rel=\"noopener\">Resoluci\u00f3n 139 GDEMZA-CGES#DGE 2022 Anexo<\/a> <\/strong>&#8211; Norma modificatoria de la 115-CGES-18<\/p>\n<p><strong><a style=\"pointer-events: none;\" href=\"https:\/\/ens9003-infd.mendoza.edu.ar\/sitio\/resol-2022-139-gdemza-cgesdge-norma-transitoria-modificatoria-de-grilla-para-tabulacion-de-antecedentes-obrante-en-resolucion-115-cges-18\/\" target=\"_blank\" rel=\"noopener\">Resoluci\u00f3n 139 GDEMZA-CGES#DGE 2022<\/a><\/strong> &#8211; Norma transitoria &#8211; Modificatoria de Grilla para tabulaci\u00f3n de antecedentes obrante en Resoluci\u00f3n 115-CGES-18<\/p>\n<p><a style=\"pointer-events: none;\" href=\"https:\/\/ens9003-infd.mendoza.edu.ar\/sitio\/circular-05-cges-2022\/\" target=\"_blank\" rel=\"noopener\"><strong>Circular 05\u00a0CGES 2022<\/strong><\/a>\u00a0&#8211; <span class=\"fontstyle0\">Difusi\u00f3n del documento para la reflexi\u00f3n \u201c #Tenemos algo para decir\u201d ESI # 3J#Ni una menos.\u00a0 Propuesta de acciones institucionales y comunitarias para la formaci\u00f3n docente.<\/span><\/p>\n<p><strong><a style=\"pointer-events: none;\" href=\"https:\/\/ens9003-infd.mendoza.edu.ar\/sitio\/resol-2022-115-gdemza-cgesdge-norma-transitoria-de-ampliacion-de-padrones-y-flexibilizacion-de-situaciones-de-revista-para-elecciones-de-institutos-de-nivel-superior\/\" target=\"_blank\" rel=\"noopener\">Resoluci\u00f3n 115 GDEMZA-CGES#DGE 2022<\/a><\/strong> &#8211; Norma transitoria de ampliacio\u0301n de padrones y flexibilizacio\u0301n de situaciones de revista para elecciones de Institutos de Nivel Superior<\/p>\n<p><strong><a style=\"pointer-events: none;\" href=\"https:\/\/ens9003-infd.mendoza.edu.ar\/sitio\/resol-2022-114-gdemza-cgesdge-norma-transitoria-para-modificacion-de-composicion-de-claustros-institucionales\/\" target=\"_blank\" rel=\"noopener\">Resoluci\u00f3n 114 GDEMZA-CGES#DGE 2022<\/a><\/strong> &#8211; Norma transitoria para modificacio\u0301n de composicio\u0301n de claustros institucionales<\/p>\n<p><strong><a style=\"pointer-events: none;\" href=\"https:\/\/ens9003-infd.mendoza.edu.ar\/sitio\/memorandum-75-cges-2021\/\" target=\"_blank\" rel=\"noopener\">Memor\u00e1ndum 75-CGES-2021<\/a><\/strong> &#8211; Seguimiento de implementaci\u00f3n de ESI 2021<\/p>\n<p><a style=\"pointer-events: none;\" href=\"https:\/\/ens9003-infd.mendoza.edu.ar\/sitio\/memorandum-28-cges-2021\/\" target=\"_blank\" rel=\"noopener\"><strong>Memor\u00e1ndum 28-CGES-2021<\/strong><\/a> &#8211; Decreto Provincial N\u00b0 555 de fecha 02 de mayo de 2021.<\/p>\n<p><strong><a style=\"pointer-events: none;\" href=\"https:\/\/ens9003-infd.mendoza.edu.ar\/sitio\/memorandum-16-cges-2021\/\" target=\"_blank\" rel=\"noopener\">Memor\u00e1mdum 16-CGES-2021<\/a><\/strong> &#8211; Recomendaciones para el desarrollo de instancias formativas desde la virtualidad (19 al 30 de abril 2021).<\/p>\n<p><strong><a style=\"pointer-events: none;\" href=\"https:\/\/ens9003-infd.mendoza.edu.ar\/sitio\/wp-content\/uploads\/2020\/07\/MEMO-43-CGES-2020.pdf\" target=\"_blank\" rel=\"noopener\">Memor\u00e1ndum 43-CGES-2020<\/a><\/strong>\u00a0&#8211; <span class=\"fontstyle0\">Certificado de aptitud psicof\u00edsica para estudio.\u00a0\u00a0Excepcionalidad a la R.N\u00b0 258-DGE-12 en el contexto\u00a0de la pandemia desatada por el COVID-19.<\/span><\/p>\n<p><strong><a style=\"pointer-events: none;\" href=\"https:\/\/ens9003-infd.mendoza.edu.ar\/sitio\/wp-content\/uploads\/2020\/05\/Circular-5-CGES-2020.pdf\" target=\"_blank\" rel=\"noopener\">Circular 5-CGES-2020<\/a><\/strong> \/\u00a0<strong><a style=\"pointer-events: none;\" href=\"https:\/\/ens9003-infd.mendoza.edu.ar\/sitio\/wp-content\/uploads\/2020\/05\/ANEXO-Circular-5-CGES-2020.pdf\" target=\"_blank\" rel=\"noopener\">ANEXO Circular 5-CGES-2020<\/a><\/strong>\u00a0&#8211; Adecuaci\u00f3n de la continuidad de la oferta de cursos y\u00a0post\u00edtulos de\u00a0Formaci\u00f3n Docente Continua.<\/p>\n<p><a style=\"pointer-events: none;\" href=\"https:\/\/ens9003-infd.mendoza.edu.ar\/sitio\/wp-content\/uploads\/2020\/04\/Memorandum-29-CGES-2020-Encuestas.pdf\" target=\"_blank\" rel=\"noopener\"><strong>Memor\u00e1ndum 29-CGES-2020<\/strong><\/a> &#8211; Consulta a docentes y Equipos Directivos de Institutos de Educaci\u00f3n Superior<\/p>\n<p class=\"Texto_arial\"><a style=\"pointer-events: none;\" href=\"https:\/\/ens9003-infd.mendoza.edu.ar\/sitio\/wp-content\/uploads\/2020\/03\/Circular-004-CGES-2020.pdf\" target=\"_blank\" rel=\"noopener\"><strong>Circular N\u00b0 004-CGES-2020<\/strong><\/a> &#8211;\u00a0Adecuaci\u00f3n para el nivel superior de los requerimientos Memor\u00e1ndum sobre asistencia virtual de docentes y alumnos<\/p>\n<p><a style=\"pointer-events: none;\" href=\"https:\/\/ens9003-infd.mendoza.edu.ar\/sitio\/wp-content\/uploads\/2020\/03\/Memor\u00e1ndum-27-CGES-2020.pdf\" target=\"_blank\" rel=\"noopener\"><strong>Memor\u00e1ndum 27-CGES-2020<\/strong><\/a> &#8211; Elaboraci\u00f3n \u00abPlan de contingencia COVIP &#8211; 19\u00bb<\/p>\n<p><a style=\"pointer-events: none;\" href=\"https:\/\/ens9003-infd.mendoza.edu.ar\/sitio\/wp-content\/uploads\/2020\/03\/PROTOCOLO-VIOLENCIA-DE-G\u00c9NERO-SUPERIOR-1.pdf\" target=\"_blank\" rel=\"noopener\"><span class=\"fontstyle0\"><strong>Protocolo<\/strong><\/span><\/a><span class=\"fontstyle0\">\u00a0&#8211; Intervenci\u00f3n en situaciones de\u00a0violencia de g\u00e9nero<\/span><\/p>\n<p><a style=\"pointer-events: none;\" href=\"https:\/\/ens9003-infd.mendoza.edu.ar\/sitio\/wp-content\/uploads\/2020\/03\/Memor\u00e1ndum-0014-CGES-2020.pdf\" target=\"_blank\" rel=\"noopener\"><strong>Memor\u00e1ndum 0014-CGES-2020<\/strong><\/a> &#8211; Recomendaciones del Ministerio de Salud de la Provincia de Mendoza.<\/p>\n<p><a style=\"pointer-events: none;\" href=\"https:\/\/ens9003-infd.mendoza.edu.ar\/sitio\/wp-content\/uploads\/2019\/10\/Circular-N\u00b0-17-CGES-2019-Alfabetizacion.pdf\" target=\"_blank\" rel=\"noopener\"><strong>Circular N\u00b0 17 &#8211; CGES &#8211; 2019<\/strong><\/a> &#8211;\u00a0Convocatoria a inscripci\u00f3n para participar en el Encuentro del Programa Jurisdiccional de Alfabetizaci\u00f3n \u00abQueremos aprender 2019\u00bb<\/p>\n<p><a style=\"pointer-events: none;\" href=\"https:\/\/ens9003-infd.mendoza.edu.ar\/sitio\/wp-content\/uploads\/2019\/08\/Res-121-CGES-19.pdf\" target=\"_blank\" rel=\"noopener\"><strong>Resoluci\u00f3n 121<\/strong><\/a> &#8211;\u00a0Obligatoriedad del Abordaje de textos completos de lecturas ampliatorias en las carreras de Formaci\u00f3n Docente del Nivel Superior<\/p>\n<p><a style=\"pointer-events: none;\" href=\"https:\/\/ens9003-infd.mendoza.edu.ar\/sitio\/wp-content\/uploads\/2019\/08\/circular-008.pdf\" target=\"_blank\" rel=\"noopener\"><strong>Circular 8<\/strong><\/a> &#8211;\u00a0 Encuesta para estudiantes ingresantes a la formaci\u00f3n docente 2018 &#8211; 2019<\/p>\n<p><a style=\"pointer-events: none;\" href=\"https:\/\/ens9003-infd.mendoza.edu.ar\/sitio\/wp-content\/uploads\/2019\/08\/Circular-6-CGES-19.pdf\" target=\"_blank\" rel=\"noopener\"><strong>Circular 6<\/strong><\/a> &#8211; Solicitud de informaci\u00f3n para la determinaci\u00f3n de horas vacantes de formaci\u00f3n inicial.<\/p>\n<p><a style=\"pointer-events: none;\" href=\"https:\/\/ens9003-infd.mendoza.edu.ar\/sitio\/wp-content\/uploads\/2019\/05\/liberaci\u00f3n-ABP.pdf\" target=\"_blank\" rel=\"noopener\">Memor\u00e1ndum liberaci\u00f3n capacitaci\u00f3n ABP<\/a><\/p>\n<table border=\"0\">\n<tbody>\n<tr>\n<td><img decoding=\"async\" loading=\"lazy\" title=\"\" src=\"http:\/\/des.mza.infd.edu.ar\/sitio\/upload\/img\/pdf1.jpg\" alt=\"\" width=\"21\" height=\"21\" border=\"0\" \/><a style=\"pointer-events: none;\" title=\"Resoluci\u00f3n 007-DES-2009\" href=\"upload\/Resolucion_007-DES-2009.pdf\" target=\"_blank\" rel=\"noopener\">Resoluci\u00f3n N\u00b0 007-DES-2009<\/a><\/td>\n<td>Orientaciones a tener en cuenta por los Consejos Directivos para la reasignaci\u00f3n de cargos y\/u horas c\u00e1tedra<\/td>\n<\/tr>\n<tr>\n<td><img decoding=\"async\" loading=\"lazy\" title=\"\" src=\"http:\/\/des.mza.infd.edu.ar\/sitio\/upload\/img\/pdf1.jpg\" alt=\"\" width=\"21\" height=\"21\" border=\"0\" \/><a style=\"pointer-events: none;\" title=\"Circular N\u00b0 010-DES-2014\" href=\"upload\/Circular_10-DES-2014.pdf\" target=\"_blank\" rel=\"noopener\">Circular\u00a0N\u00b0 010-DES-2014<\/a><\/td>\n<td>\u00a0Documentaci\u00f3n Elecci\u00f3n de Autoridades Institutos de Educaci\u00f3n Superior<\/td>\n<\/tr>\n<tr>\n<td><a style=\"text-decoration: underline;\" href=\"http:\/\/des.mza.infd.edu.ar\/sitio\/upload\/REGLAMENTO_DE_PRu00C1CTICA_Y_RESIDENCIA_1883-DGE-14.pdf\" target=\"_blank\" rel=\"noopener\"><img decoding=\"async\" loading=\"lazy\" title=\"\" src=\"http:\/\/des.mza.infd.edu.ar\/sitio\/upload\/img\/pdf1.jpg\" alt=\"\" width=\"21\" height=\"21\" border=\"0\" \/><\/a><a style=\"pointer-events: none;\" title=\"RAM - Resoluci\u00f3n 258-DGE-2012\" href=\"upload\/258-DGE-2012.pdf\" target=\"_blank\" rel=\"noopener\">\u00a0<\/a><a style=\"pointer-events: none;\" title=\"Circular 001-DES-16\" href=\"upload\/Circular_N_001-DES-16.pdf\" target=\"_blank\" rel=\"noopener\">Circular N\u00b0 001-DES-2016<\/a><a style=\"pointer-events: none;\" title=\"RAM - Resoluci\u00f3n 258-DGE-2012\" href=\"upload\/258-DGE-2012.pdf\" target=\"_blank\" rel=\"noopener\"><br \/>\n<\/a><\/td>\n<td>Procedimientos vigentes en las normas del nivel cuyo cumplimiento debe ser garantizado institucionalmente.<\/td>\n<\/tr>\n<tr>\n<td><a style=\"pointer-events: none;\" title=\"Resoluci\u00f3n 1883-2014 Reglamento de Pr\u00e1cticas y Residencia Docente\" href=\"upload\/1883-2014.pdf\" target=\"_blank\" rel=\"noopener\">\u00a0<\/a><img decoding=\"async\" loading=\"lazy\" title=\"\" src=\"http:\/\/des.mza.infd.edu.ar\/sitio\/upload\/img\/pdf1.jpg\" alt=\"\" width=\"21\" height=\"21\" border=\"0\" \/>\u00a0<a style=\"pointer-events: none;\" title=\"Circular N\u00b0 005-DPID-2016\" href=\"upload\/Circular_5_DPID.pdf\" target=\"_blank\" rel=\"noopener\">Circular N\u00b0 005-DIPD-2016<\/a><\/td>\n<td>Relevamiento de Competencias y Saberes Digitales 2016<\/td>\n<\/tr>\n<tr>\n<td><img decoding=\"async\" loading=\"lazy\" title=\"\" src=\"http:\/\/des.mza.infd.edu.ar\/sitio\/upload\/img\/pdf1.jpg\" alt=\"\" width=\"21\" height=\"21\" border=\"0\" \/>\u00a0<a style=\"pointer-events: none;\" title=\"Circular N\u00b0 3 - Relevamiento de Planta Org\u00e1nica Funcional\" href=\"upload\/Circular_N_3_-_Relevamiento_de_Planta_Organica_Funcional.pdf\" target=\"_blank\" rel=\"noopener\">Circular N\u00b0 003-DES-2017<\/a><\/td>\n<td>\u00a0Circular N\u00b0 3 &#8211; Relevamiento de Planta Org\u00e1nica Funcional<\/td>\n<\/tr>\n<\/tbody>\n<\/table>\n","protected":false},"excerpt":{"rendered":"<p>Resoluci\u00f3n N\u00b0 87-GDEMZA-CGES-2023\u00a0 _ Anexo I &#8211;\u00a0 Procedimiento para el ofrecimiento de horas del concurso p\u00fablico y abierto de t\u00edtulos, antecedentes y oposici\u00f3n para la cobertura de horas c\u00e1tedra en car\u00e1cter de titular en Institutos de Educaci\u00f3n Superior de gesti\u00f3n estatal Memor\u00e1ndum N\u00b0 92 \u2013 CGES \u2013 2022 &#8211; Capacitaci\u00f3n sobre \u201cPlan de contingencia: prevenci\u00f3n &#8230; <a title=\"Coordinaci\u00f3n General de Educaci\u00f3n Superior\" class=\"read-more\" href=\"https:\/\/ens9003-infd.mendoza.edu.ar\/sitio\/circulares-y-resoluciones-des\/\" aria-label=\"More on Coordinaci\u00f3n General de Educaci\u00f3n Superior\">[+]<\/a><\/p>\n","protected":false},"author":7,"featured_media":0,"parent":0,"menu_order":0,"comment_status":"closed","ping_status":"closed","template":"","meta":[],"acf":[],"_links":{"self":[{"href":"https:\/\/ens9003-infd.mendoza.edu.ar\/sitio\/wp-json\/wp\/v2\/pages\/938"}],"collection":[{"href":"https:\/\/ens9003-infd.mendoza.edu.ar\/sitio\/wp-json\/wp\/v2\/pages"}],"about":[{"href":"https:\/\/ens9003-infd.mendoza.edu.ar\/sitio\/wp-json\/wp\/v2\/types\/page"}],"author":[{"embeddable":true,"href":"https:\/\/ens9003-infd.mendoza.edu.ar\/sitio\/wp-json\/wp\/v2\/users\/7"}],"replies":[{"embeddable":true,"href":"https:\/\/ens9003-infd.mendoza.edu.ar\/sitio\/wp-json\/wp\/v2\/comments?post=938"}],"version-history":[{"count":44,"href":"https:\/\/ens9003-infd.mendoza.edu.ar\/sitio\/wp-json\/wp\/v2\/pages\/938\/revisions"}],"predecessor-version":[{"id":4495,"href":"https:\/\/ens9003-infd.mendoza.edu.ar\/sitio\/wp-json\/wp\/v2\/pages\/938\/revisions\/4495"}],"wp:attachment":[{"href":"https:\/\/ens9003-infd.mendoza.edu.ar\/sitio\/wp-json\/wp\/v2\/media?parent=938"}],"curies":[{"name":"wp","href":"https:\/\/api.w.org\/{rel}","templated":true}]}}